{"id":3001,"date":"2025-04-05T05:50:23","date_gmt":"2025-04-05T05:50:23","guid":{"rendered":"https:\/\/swissdirectorservices.com\/aktuelles\/"},"modified":"2026-03-19T16:39:14","modified_gmt":"2026-03-19T16:39:14","slug":"aktuelles","status":"publish","type":"page","link":"https:\/\/swissdirectorservices.com\/de\/aktuelles\/","title":{"rendered":"Aktuelles"},"content":{"rendered":"<p>[et_pb_section fb_built=&#8220;1&#8243; admin_label=&#8220;Banner&#8220; _builder_version=&#8220;4.27.6&#8243; _module_preset=&#8220;default&#8220; background_color=&#8220;#0F2027&#8243; background_enable_image=&#8220;off&#8220; background_enable_mask_style=&#8220;on&#8220; background_mask_color=&#8220;rgba(201,169,110,0.09)&#8220; background_mask_transform=&#8220;invert&#8220; background_mask_aspect_ratio=&#8220;square&#8220; background_mask_size=&#8220;cover&#8220; background_mask_position=&#8220;bottom_left&#8220; width=&#8220;100%&#8220; max_width=&#8220;100%&#8220; height_tablet=&#8220;&#8220; height_phone=&#8220;&#8220; height_last_edited=&#8220;on|phone&#8220; overflow-x=&#8220;hidden&#8220; overflow-y=&#8220;hidden&#8220; custom_margin=&#8220;-78px||||false|false&#8220; custom_margin_tablet=&#8220;-78px||||false|false&#8220; custom_margin_phone=&#8220;||||false|false&#8220; custom_margin_last_edited=&#8220;on|phone&#8220; locked=&#8220;off&#8220; global_colors_info=&#8220;{}&#8220;][et_pb_row custom_padding_last_edited=&#8220;on|desktop&#8220; _builder_version=&#8220;4.27.6&#8243; _module_preset=&#8220;default&#8220; width=&#8220;90%&#8220; custom_margin=&#8220;||||false|false&#8220; custom_margin_tablet=&#8220;277px||||false|false&#8220; custom_margin_phone=&#8220;20%||||false|false&#8220; custom_margin_last_edited=&#8220;off|desktop&#8220; custom_padding=&#8220;80px||0px||false|false&#8220; custom_padding_tablet=&#8220;||||false|true&#8220; custom_padding_phone=&#8220;||||false|true&#8220; global_colors_info=&#8220;{}&#8220;][et_pb_column type=&#8220;4_4&#8243; _builder_version=&#8220;4.27.4&#8243; _module_preset=&#8220;default&#8220; global_colors_info=&#8220;{}&#8220;][et_pb_text _builder_version=&#8220;4.27.6&#8243; _module_preset=&#8220;default&#8220; hover_enabled=&#8220;0&#8243; global_colors_info=&#8220;{}&#8220; sticky_enabled=&#8220;0&#8243;]<\/p>\n<div class=\"sp-hero-content\">\n<div class=\"sp-hero-breadcrumb\"><a href=\"#\">Startseite<\/a><br \/><span>\/<\/span><br \/><span>Aktuelles<\/span><\/div>\n<h1>Aktuelles<\/h1>\n<div class=\"sp-hero-actions\"><a href=\"#contact\" class=\"btn is-gold\">Experten kontaktieren \u2192<\/a><br \/><a href=\"tel:+41227372710\" class=\"btn is-outline-light\">+41 22 737 27 10<\/a><\/div>\n<\/div>\n<p>[\/et_pb_text][et_pb_code disabled_on=&#8220;off|off|off&#8220; _builder_version=&#8220;4.27.6&#8243; _module_preset=&#8220;default&#8220; locked=&#8220;off&#8220; global_colors_info=&#8220;{}&#8220;]<!-- [et_pb_line_break_holder] --><\/p>\n<style><!-- [et_pb_line_break_holder] -->\/* \u2550\u2550\u2550\u2550\u2550\u2550\u2550\u2550\u2550\u2550\u2550\u2550\u2550\u2550\u2550\u2550\u2550\u2550\u2550\u2550\u2550\u2550\u2550\u2550\u2550\u2550\u2550\u2550\u2550\u2550\u2550\u2550\u2550\u2550\u2550\u2550\u2550\u2550\u2550<!-- [et_pb_line_break_holder] -->   1. HERO \u2014 Kendris style, no image<!-- [et_pb_line_break_holder] -->   \u2550\u2550\u2550\u2550\u2550\u2550\u2550\u2550\u2550\u2550\u2550\u2550\u2550\u2550\u2550\u2550\u2550\u2550\u2550\u2550\u2550\u2550\u2550\u2550\u2550\u2550\u2550\u2550\u2550\u2550\u2550\u2550\u2550\u2550\u2550\u2550\u2550\u2550\u2550 *\/<!-- [et_pb_line_break_holder] -->   .sp-hero{position:relative;min-height:520px;display:flex;align-items:flex-end;overflow:hidden;background:var(--dark)}<!-- [et_pb_line_break_holder] -->   .sp-hero::before{content:'';position:absolute;inset:0;background:radial-gradient(ellipse 60% 80% at 85% 30%,rgba(176,141,87,.06),transparent),radial-gradient(ellipse 50% 60% at 10% 70%,rgba(42,80,96,.08),transparent);pointer-events:none}<!-- [et_pb_line_break_holder] -->   \/* Subtle decorative SVG pattern *\/<!-- [et_pb_line_break_holder] -->   .sp-hero-deco{position:absolute;right:-5%;top:10%;width:50%;height:80%;opacity:.04;pointer-events:none}<!-- [et_pb_line_break_holder] -->   .sp-hero-deco svg{width:100%;height:100%}<!-- [et_pb_line_break_holder] -->   .sp-hero-content{position:relative;z-index:2;max-width:var(--max-w);width:100%;margin:0 auto;}<!-- [et_pb_line_break_holder] -->   .sp-hero-breadcrumb{display:flex;align-items:center;gap:8px;font-size:13px;color:rgba(255,255,255,.35);margin-bottom:28px}<!-- [et_pb_line_break_holder] -->   .sp-hero-breadcrumb a{color:var(--gold-light);transition:opacity .3s}<!-- [et_pb_line_break_holder] -->   .sp-hero-breadcrumb a:hover{opacity:.7}<!-- [et_pb_line_break_holder] -->   .sp-hero-breadcrumb span{color:rgba(255,255,255,.5)}<!-- [et_pb_line_break_holder] -->   .sp-hero-content h1{color:var(--white);max-width:680px;margin-bottom:20px}<!-- [et_pb_line_break_holder] -->   .sp-hero-content h1 em{color:var(--gold-light)}<!-- [et_pb_line_break_holder] -->   .sp-hero-actions{display:flex;gap:16px;flex-wrap:wrap}<!-- [et_pb_line_break_holder] -->  @media(max-width:768px){<!-- [et_pb_line_break_holder] -->  .sp-hero-actions{flex-direction:column}}<!-- [et_pb_line_break_holder] -->    <\/style>\n<p>[\/et_pb_code][\/et_pb_column][\/et_pb_row][\/et_pb_section][et_pb_section fb_built=&#8220;1&#8243; admin_label=&#8220;Section 4&#8243; _builder_version=&#8220;4.27.6&#8243; _module_preset=&#8220;default&#8220; background_color=&#8220;#f2f2f2&#8243; overflow-x=&#8220;hidden&#8220; custom_padding=&#8220;||70px||false|false&#8220; locked=&#8220;off&#8220; global_colors_info=&#8220;{}&#8220;][et_pb_row make_equal=&#8220;on&#8220; custom_padding_last_edited=&#8220;on|tablet&#8220; admin_label=&#8220;Blogtitel&#8220; _builder_version=&#8220;4.27.6&#8243; _module_preset=&#8220;default&#8220; width=&#8220;90%&#8220; custom_margin=&#8220;||||false|false&#8220; custom_padding=&#8220;0px||0px||false|true&#8220; custom_padding_tablet=&#8220;0px||||false|false&#8220; custom_padding_phone=&#8220;0px||20px||false|true&#8220; global_colors_info=&#8220;{}&#8220;][et_pb_column type=&#8220;4_4&#8243; _builder_version=&#8220;4.27.6&#8243; _module_preset=&#8220;default&#8220; global_colors_info=&#8220;{}&#8220;][et_pb_text _builder_version=&#8220;4.27.6&#8243; _module_preset=&#8220;default&#8220; text_font=&#8220;Mukta||||||||&#8220; text_text_color=&#8220;#666666&#8243; text_font_size=&#8220;16px&#8220; text_line_height=&#8220;27px&#8220; header_2_font=&#8220;Mukta||||||||&#8220; header_2_text_color=&#8220;#333333&#8243; background_layout=&#8220;dark&#8220; custom_padding=&#8220;15px||0px||false|false&#8220; custom_css_free_form=&#8220;@media screen and (min-width:1025px){selector p{padding-bottom:30px!important;}}&#8220; global_colors_info=&#8220;{}&#8220;]<\/p>\n<div class=\"news-top reveal is-visible\">\n<div>\n<p><span class=\"eyebrow\">Neueste Nachrichten<\/span><\/p>\n<h2>Unsere Artikel<\/h2>\n<\/div>\n<\/div>\n<p>[\/et_pb_text][\/et_pb_column][\/et_pb_row][et_pb_row _builder_version=&#8220;4.27.6&#8243; _module_preset=&#8220;default&#8220; global_colors_info=&#8220;{}&#8220;][et_pb_column type=&#8220;4_4&#8243; _builder_version=&#8220;4.27.6&#8243; _module_preset=&#8220;default&#8220; global_colors_info=&#8220;{}&#8220;][et_pb_blog fullwidth=&#8220;off&#8220; posts_number=&#8220;12&#8243; use_manual_excerpt=&#8220;off&#8220; show_more=&#8220;on&#8220; show_author=&#8220;off&#8220; show_categories=&#8220;off&#8220; show_excerpt=&#8220;off&#8220; _builder_version=&#8220;4.27.6&#8243; _module_preset=&#8220;default&#8220; header_level=&#8220;h3&#8243; header_font_size=&#8220;19px&#8220; pagination_font=&#8220;|600|||||||&#8220; custom_css_title=&#8220;height: 80px&#8220; border_radii=&#8220;on|4px|4px|4px|4px&#8220; border_width_all=&#8220;0px&#8220; border_radii_image=&#8220;on|4px|4px|4px|4px&#8220; locked=&#8220;off&#8220; global_colors_info=&#8220;{}&#8220;][\/et_pb_blog][\/et_pb_column][\/et_pb_row][\/et_pb_section][et_pb_section fb_built=&#8220;1&#8243; custom_padding_last_edited=&#8220;on|phone&#8220; admin_label=&#8220;Section 5&#8243; module_id=&#8220;Kontakt&#8220; _builder_version=&#8220;4.27.6&#8243; _module_preset=&#8220;default&#8220; custom_margin=&#8220;||||false|false&#8220; custom_padding=&#8220;0px||0px||false|false&#8220; custom_padding_tablet=&#8220;37px||37px||false|false&#8220; custom_padding_phone=&#8220;20px||20px||false|false&#8220; locked=&#8220;off&#8220; global_colors_info=&#8220;{}&#8220;][et_pb_row _builder_version=&#8220;4.27.6&#8243; _module_preset=&#8220;default&#8220; width=&#8220;100%&#8220; max_width=&#8220;100%&#8220; custom_padding=&#8220;0px||0px||false|false&#8220; global_colors_info=&#8220;{}&#8220;][et_pb_column type=&#8220;4_4&#8243; _builder_version=&#8220;4.27.6&#8243; _module_preset=&#8220;default&#8220; global_colors_info=&#8220;{}&#8220;][et_pb_code _builder_version=&#8220;4.27.6&#8243; _module_preset=&#8220;default&#8220; global_colors_info=&#8220;{}&#8220;]<\/p>\n<div id=\"contact\" class=\"contact-split\"><!-- [et_pb_line_break_holder] -->  <\/p>\n<div class=\"contact-visual\"><!-- [et_pb_line_break_holder] -->    <img decoding=\"async\" src=\"\/wp-content\/uploads\/2025\/04\/banner-service-administrateur.webp\" alt=\"Experte Verwaltungsrat Gesch\u00e4ftsf\u00fchrer Schweiz\"><!-- [et_pb_line_break_holder] -->    <\/p>\n<div class=\"contact-visual-overlay\"><!-- [et_pb_line_break_holder] -->      <span class=\"eyebrow is-light\">Kontakt<\/span><!-- [et_pb_line_break_holder] -->      <\/p>\n<h2>Planen Sie eine <em>Erstberatung<\/em><\/h2>\n<p><!-- [et_pb_line_break_holder] -->      <pee class=\"contact-visual-text\">Kontaktieren Sie uns, um Ihren Bedarf an einem ans\u00e4ssigen Schweizer Verwaltungsrat zu besprechen. Unser Team analysiert gerne Ihre Struktur und pr\u00fcft, wie wir Sie bei Ihren Repr\u00e4sentationsbed\u00fcrfnissen in der Schweiz unterst\u00fctzen k\u00f6nnen. <\/pee><!-- [et_pb_line_break_holder] -->      <pee class=\"contact-visual-text\">F\u00fcllen Sie das Kontaktformular aus oder rufen Sie uns an unter<\/pee><!-- [et_pb_line_break_holder] -->      <\/p>\n<div class=\"contact-info\"><!-- [et_pb_line_break_holder] -->        <\/p>\n<div class=\"contact-row\"><!-- [et_pb_line_break_holder] -->          <\/p>\n<div class=\"contact-icon\"><svg viewbox=\"0 0 24 24\" fill=\"none\" stroke=\"currentColor\" stroke-width=\"1.5\"><path d=\"M21 10c0 7-9 13-9 13s-9-6-9-13a9 9 0 0 1 18 0z\"><\/path><circle cx=\"12\" cy=\"10\" r=\"3\"\/><\/svg><\/div>\n<p><!-- [et_pb_line_break_holder] -->          <\/p>\n<div>\n<div class=\"contact-label\">B\u00fcro<\/div>\n<div class=\"contact-val\">Rue Adrien-Lachenal 26, 1207 Genf<\/div>\n<\/div>\n<p><!-- [et_pb_line_break_holder] -->        <\/div>\n<p><!-- [et_pb_line_break_holder] -->        <\/p>\n<div class=\"contact-row\"><!-- [et_pb_line_break_holder] -->          <\/p>\n<div class=\"contact-icon\"><svg viewbox=\"0 0 24 24\" fill=\"none\" stroke=\"currentColor\" stroke-width=\"1.5\"><path d=\"M22 16.92v3a2 2 0 0 1-2.18 2 19.79 19.79 0 0 1-8.63-3.07 19.5 19.5 0 0 1-6-6 19.79 19.79 0 0 1-3.07-8.67A2 2 0 0 1 4.11 2h3a2 2 0 0 1 2 1.72c.127.96.361 1.903.7 2.81a2 2 0 0 1-.45 2.11L8.09 9.91a16 16 0 0 0 6 6l1.27-1.27a2 2 0 0 1 2.11-.45c.907.339 1.85.573 2.81.7A2 2 0 0 1 22 16.92z\"><\/path><\/svg><\/div>\n<p><!-- [et_pb_line_break_holder] -->          <\/p>\n<div>\n<div class=\"contact-label\">Telefon<\/div>\n<div class=\"contact-val\">+41 22 737 27 10<\/div>\n<\/div>\n<p><!-- [et_pb_line_break_holder] -->        <\/div>\n<p><!-- [et_pb_line_break_holder] -->      <\/div>\n<p><!-- [et_pb_line_break_holder] -->    <\/div>\n<p><!-- [et_pb_line_break_holder] -->  <\/div>\n<p><!-- [et_pb_line_break_holder] -->  <\/p>\n<div class=\"contact-form-wrap\"><!-- [et_pb_line_break_holder] -->    <\/p>\n<div class=\"form-title\">Senden Sie uns Ihre Anfrage<\/div>\n<p><!-- [et_pb_line_break_holder] -->    <pee class=\"form-sub\">F\u00fcllen Sie das untenstehende Formular aus und wir werden uns so schnell wie m\u00f6glich bei Ihnen melden.<\/pee><!-- [et_pb_line_break_holder] -->    \n<div class=\"wpcf7 no-js\" id=\"wpcf7-f2797-o1\" lang=\"de-DE\" dir=\"ltr\" data-wpcf7-id=\"2797\">\n<div class=\"screen-reader-response\"><p role=\"status\" aria-live=\"polite\" aria-atomic=\"true\"><\/p> <ul><\/ul><\/div>\n<form action=\"\/de\/wp-json\/wp\/v2\/pages\/3001#wpcf7-f2797-o1\" method=\"post\" class=\"wpcf7-form init\" aria-label=\"Kontaktformular\" novalidate=\"novalidate\" data-status=\"init\">\n<fieldset class=\"hidden-fields-container\"><input type=\"hidden\" name=\"_wpcf7\" value=\"2797\" \/><input type=\"hidden\" name=\"_wpcf7_version\" value=\"6.1.6\" \/><input type=\"hidden\" name=\"_wpcf7_locale\" value=\"de_DE\" \/><input type=\"hidden\" name=\"_wpcf7_unit_tag\" value=\"wpcf7-f2797-o1\" \/><input type=\"hidden\" name=\"_wpcf7_container_post\" value=\"0\" \/><input type=\"hidden\" name=\"_wpcf7_posted_data_hash\" value=\"\" \/><input type=\"hidden\" name=\"_wpcf7_recaptcha_response\" value=\"\" \/>\n<\/fieldset>\n<p><label>Anrede*<\/label><span class=\"wpcf7-form-control-wrap\" data-name=\"civilite\"><select class=\"wpcf7-form-control wpcf7-select wpcf7-validates-as-required\" aria-required=\"true\" aria-invalid=\"false\" name=\"civilite\"><option value=\"Herr\">Herr<\/option><option value=\"Frau\">Frau<\/option><\/select><\/span>\n<\/p>\n<p><label>Organisation \/ Gruppe*<\/label><span class=\"wpcf7-form-control-wrap\" data-name=\"company\"><input size=\"40\" maxlength=\"400\" class=\"wpcf7-form-control wpcf7-text wpcf7-validates-as-required\" aria-required=\"true\" aria-invalid=\"false\" value=\"\" type=\"text\" name=\"company\" \/><\/span>\n<\/p>\n<p><label>Vorname* :<\/label><span class=\"wpcf7-form-control-wrap\" data-name=\"firstname\"><input size=\"40\" maxlength=\"400\" class=\"wpcf7-form-control wpcf7-text wpcf7-validates-as-required\" aria-required=\"true\" aria-invalid=\"false\" value=\"\" type=\"text\" name=\"firstname\" \/><\/span>\n<\/p>\n<p><label>Nachname* :<\/label><span class=\"wpcf7-form-control-wrap\" data-name=\"lastname\"><input size=\"40\" maxlength=\"400\" class=\"wpcf7-form-control wpcf7-text wpcf7-validates-as-required\" aria-required=\"true\" aria-invalid=\"false\" value=\"\" type=\"text\" name=\"lastname\" \/><\/span>\n<\/p>\n<p><label>Gesch\u00e4ftliche E-Mail* :<\/label><span class=\"wpcf7-form-control-wrap\" data-name=\"email\"><input size=\"40\" maxlength=\"400\" class=\"wpcf7-form-control wpcf7-email wpcf7-validates-as-required wpcf7-text wpcf7-validates-as-email\" autocomplete=\"email\" aria-required=\"true\" aria-invalid=\"false\" value=\"\" type=\"email\" name=\"email\" \/><\/span>\n<\/p>\n<p><label>Telefon* :<\/label><span class=\"wpcf7-form-control-wrap\" data-name=\"phone\"><input size=\"40\" class=\"wpcf7-form-control wpcf7-phonetext wpcf7-validates-as-required wpcf7-text wpcf7-validates-as-phonetext\" autocomplete=\"tel\" data-numberonly=\"true\" aria-required=\"true\" aria-invalid=\"false\" value=\"\" type=\"text\" name=\"phone\" \/><input type=\"hidden\" name=\"phone-country-code\" class=\"wpcf7-phonetext-country-code\" \/><\/span>\n<\/p>\n<p><span class=\"wpcf7-form-control-wrap\" data-name=\"service\"><select class=\"wpcf7-form-control wpcf7-select wpcf7-validates-as-required\" aria-required=\"true\" aria-invalid=\"false\" name=\"service\"><option value=\"\">Service ausw\u00e4hlen<\/option><option value=\"Dienstleistungen als Administrator, Gesch\u00e4ftsf\u00fchrer und Direktor\">Dienstleistungen als Administrator, Gesch\u00e4ftsf\u00fchrer und Direktor<\/option><option value=\"Verwaltungsratsmandate f\u00fcr Stiftungen und Vereine\">Verwaltungsratsmandate f\u00fcr Stiftungen und Vereine<\/option><option value=\"Liquidationsdienstleistungen f\u00fcr Unternehmen\">Liquidationsdienstleistungen f\u00fcr Unternehmen<\/option><option value=\"Sonstiges\">Sonstiges<\/option><\/select><\/span>\n<\/p>\n<p><span class=\"wpcf7-form-control-wrap\" data-name=\"message\"><textarea cols=\"40\" rows=\"10\" maxlength=\"2000\" class=\"wpcf7-form-control wpcf7-textarea wpcf7-validates-as-required\" aria-required=\"true\" aria-invalid=\"false\" placeholder=\"Erz\u00e4hlen Sie uns von Ihrem Projekt: Ziel, Unternehmensform, Zeitrahmen...\" name=\"message\"><\/textarea><\/span>\n<\/p>\n<p><input class=\"wpcf7-form-control wpcf7-submit has-spinner\" type=\"submit\" value=\"Senden\" \/>\n<\/p><div class=\"wpcf7-response-output\" aria-hidden=\"true\"><\/div>\n<\/form>\n<\/div>\n<!-- [et_pb_line_break_holder] -->  <\/div>\n<p><!-- [et_pb_line_break_holder] --><\/div>\n<p>[\/et_pb_code][\/et_pb_column][\/et_pb_row][\/et_pb_section]<\/p>\n","protected":false},"excerpt":{"rendered":"<p>Startseite\/Aktuelles Aktuelles Experten kontaktieren \u2192+41 22 737 27 10 Neueste Nachrichten Unsere Artikel Kontakt Planen Sie eine Erstberatung Kontaktieren Sie uns, um Ihren Bedarf an einem ans\u00e4ssigen Schweizer Verwaltungsrat zu besprechen. Unser Team analysiert gerne Ihre Struktur und pr\u00fcft, wie wir Sie bei Ihren Repr\u00e4sentationsbed\u00fcrfnissen in der Schweiz unterst\u00fctzen k\u00f6nnen. F\u00fcllen Sie das Kontaktformular aus [&hellip;]<\/p>\n","protected":false},"author":5,"featured_media":0,"parent":0,"menu_order":0,"comment_status":"closed","ping_status":"closed","template":"","meta":{"_et_pb_use_builder":"on","_et_pb_old_content":"","_et_gb_content_width":"","footnotes":""},"class_list":["post-3001","page","type-page","status-publish","hentry"],"_links":{"self":[{"href":"https:\/\/swissdirectorservices.com\/de\/wp-json\/wp\/v2\/pages\/3001","targetHints":{"allow":["GET"]}}],"collection":[{"href":"https:\/\/swissdirectorservices.com\/de\/wp-json\/wp\/v2\/pages"}],"about":[{"href":"https:\/\/swissdirectorservices.com\/de\/wp-json\/wp\/v2\/types\/page"}],"author":[{"embeddable":true,"href":"https:\/\/swissdirectorservices.com\/de\/wp-json\/wp\/v2\/users\/5"}],"replies":[{"embeddable":true,"href":"https:\/\/swissdirectorservices.com\/de\/wp-json\/wp\/v2\/comments?post=3001"}],"version-history":[{"count":6,"href":"https:\/\/swissdirectorservices.com\/de\/wp-json\/wp\/v2\/pages\/3001\/revisions"}],"predecessor-version":[{"id":3016,"href":"https:\/\/swissdirectorservices.com\/de\/wp-json\/wp\/v2\/pages\/3001\/revisions\/3016"}],"wp:attachment":[{"href":"https:\/\/swissdirectorservices.com\/de\/wp-json\/wp\/v2\/media?parent=3001"}],"curies":[{"name":"wp","href":"https:\/\/api.w.org\/{rel}","templated":true}]}}