{"id":2765,"date":"2025-04-04T05:46:29","date_gmt":"2025-04-04T05:46:29","guid":{"rendered":"https:\/\/swissdirectorservices.com\/preguntas-frecuentes\/"},"modified":"2026-03-19T15:05:04","modified_gmt":"2026-03-19T15:05:04","slug":"preguntas-frecuentes","status":"publish","type":"page","link":"https:\/\/swissdirectorservices.com\/es\/preguntas-frecuentes\/","title":{"rendered":"Preguntas frecuentes"},"content":{"rendered":"<p>[et_pb_section fb_built=\u00bb1&#8243; admin_label=\u00bbBanner\u00bb _builder_version=\u00bb4.27.6&#8243; _module_preset=\u00bbdefault\u00bb background_color=\u00bb#0F2027&#8243; background_enable_image=\u00bboff\u00bb background_enable_mask_style=\u00bbon\u00bb background_mask_color=\u00bbrgba(201,169,110,0.09)\u00bb background_mask_transform=\u00bbinvert\u00bb background_mask_aspect_ratio=\u00bbsquare\u00bb background_mask_size=\u00bbcover\u00bb background_mask_position=\u00bbbottom_left\u00bb width=\u00bb100%\u00bb max_width=\u00bb100%\u00bb height_tablet=\u00bb\u00bb height_phone=\u00bb\u00bb height_last_edited=\u00bbon|phone\u00bb overflow-x=\u00bbhidden\u00bb overflow-y=\u00bbhidden\u00bb custom_margin=\u00bb-78px||||false|false\u00bb custom_margin_tablet=\u00bb-78px||||false|false\u00bb custom_margin_phone=\u00bb||||false|false\u00bb custom_margin_last_edited=\u00bbon|phone\u00bb locked=\u00bboff\u00bb global_colors_info=\u00bb{}\u00bb][et_pb_row custom_padding_last_edited=\u00bbon|desktop\u00bb _builder_version=\u00bb4.27.6&#8243; _module_preset=\u00bbdefault\u00bb width=\u00bb90%\u00bb custom_margin=\u00bb||||false|false\u00bb custom_margin_tablet=\u00bb277px||||false|false\u00bb custom_margin_phone=\u00bb20%||||false|false\u00bb custom_margin_last_edited=\u00bboff|desktop\u00bb custom_padding=\u00bb80px||0px||false|false\u00bb custom_padding_tablet=\u00bb||||false|true\u00bb custom_padding_phone=\u00bb||||false|true\u00bb global_colors_info=\u00bb{}\u00bb][et_pb_column type=\u00bb4_4&#8243; _builder_version=\u00bb4.27.4&#8243; _module_preset=\u00bbdefault\u00bb global_colors_info=\u00bb{}\u00bb][et_pb_text _builder_version=\u00bb4.27.6&#8243; _module_preset=\u00bbdefault\u00bb global_colors_info=\u00bb{}\u00bb]<\/p>\n<div class=\"sp-hero-content\">\n<div class=\"sp-hero-breadcrumb\"><a href=\"#\">Inicio<\/a><br \/><span>\/<\/span><br \/><span>Preguntas frecuentes<\/span><\/div>\n<h1><em>Informaci\u00f3n<\/em> clave sobre nuestros servicios<\/h1>\n<div class=\"sp-hero-actions\"><a href=\"#contact\" class=\"btn is-gold\">Contactar con el director \u2192<\/a><br \/><a href=\"tel:+41227372710\" class=\"btn is-outline-light\">+41 22 737 27 10<\/a><\/div>\n<\/div>\n<p>[\/et_pb_text][\/et_pb_column][\/et_pb_row][\/et_pb_section][et_pb_section fb_built=\u00bb1&#8243; _builder_version=\u00bb4.27.6&#8243; _module_preset=\u00bbdefault\u00bb global_colors_info=\u00bb{}\u00bb][et_pb_row _builder_version=\u00bb4.27.6&#8243; _module_preset=\u00bbdefault\u00bb global_colors_info=\u00bb{}\u00bb][et_pb_column type=\u00bb4_4&#8243; _builder_version=\u00bb4.27.6&#8243; _module_preset=\u00bbdefault\u00bb global_colors_info=\u00bb{}\u00bb][et_pb_text _builder_version=\u00bb4.27.6&#8243; _module_preset=\u00bbdefault\u00bb hover_enabled=\u00bb0&#8243; global_colors_info=\u00bb{}\u00bb sticky_enabled=\u00bb0&#8243;]<\/p>\n<section id=\"faq\">\n<div class=\"reveal is-visible\" style=\"text-align:center;margin-bottom:clamp(40px,4vw,60px)\">\n    <span class=\"eyebrow is-centered\">FAQ<\/span><\/p>\n<h2>Preguntas <em>Frecuentes<\/em><\/h2>\n<\/p>\n<\/div>\n<div class=\"faq-grid\">\n<div class=\"question reveal is-visible\">\n<h3>\u00bfQu\u00e9 servicios ofrece Swiss Director Services S\u00e0rl?<\/h3>\n<div class=\"question-body\">\n<p>Swiss Director Services S\u00e0rl ofrece servicios de director residente en Suiza, gerente, administrador y signatario autorizado para empresas establecidas en Suiza. Tambi\u00e9n ofrecemos servicios de secretar\u00eda corporativa, servicios de liquidador de sociedades en Suiza y servicios de miembro del consejo para fundaciones y asociaciones en Suiza, todo ello bajo mandato fiduciario y de acuerdo con las instrucciones del cliente.<\/p>\n<\/p>\n<\/div>\n<\/div>\n<div class=\"question reveal d1 is-visible\">\n<h3>\u00bfQu\u00e9 tipos de entidades pueden representar?<\/h3>\n<div class=\"question-body\">\n<p>Asistimos a una amplia gama de estructuras en Suiza, incluyendo:<\/p>\n<ul>\n<li>Sociedades suizas AG\/SA y GmbH\/S\u00e0rl<\/li>\n<li>Sociedades holding y comerciales<\/li>\n<li>Filiales de grupos internacionales<\/li>\n<li>Sucursales y sociedades domiciliadas en Suiza<\/li>\n<li>Fundaciones y asociaciones<\/li>\n<\/ul>\n<\/div>\n<\/div>\n<div class=\"question reveal is-visible\">\n<h3>\u00bfPor qu\u00e9 se requiere un representante residente en Suiza?<\/h3>\n<div class=\"question-body\">\n<p>Seg\u00fan el C\u00f3digo de Obligaciones suizo y la Ordenanza del Registro Mercantil, las empresas deben estar representadas por al menos una persona domiciliada en Suiza con derecho de firma. Esto garantiza una representaci\u00f3n legal adecuada y el cumplimiento de las obligaciones legales suizas.<\/p>\n<\/p>\n<\/div>\n<\/div>\n<div class=\"question reveal d1 is-visible\">\n<h3>\u00bfCu\u00e1les son los beneficios de nombrar a un director residente en Suiza?<\/h3>\n<div class=\"question-body\">\n<p>El nombramiento de un director residente en Suiza garantiza el cumplimiento de las obligaciones legales suizas y proporciona un punto de contacto fiable en Suiza. Tambi\u00e9n facilita la comunicaci\u00f3n con las autoridades suizas y apoya una gobernanza corporativa adecuada.<\/p>\n<\/p>\n<\/div>\n<\/div>\n<div class=\"question reveal is-visible\">\n<h3>\u00bfCu\u00e1nto tiempo se tarda en nombrar o reemplazar a un director residente en Suiza?<\/h3>\n<div class=\"question-body\">\n<p>El proceso de nombramiento suele tardar unas pocas semanas, dependiendo de la preparaci\u00f3n de la documentaci\u00f3n y del proceso de inscripci\u00f3n en el Registro Mercantil suizo.<\/p>\n<\/p>\n<\/div>\n<\/div>\n<div class=\"question reveal d1 is-visible\">\n<h3>\u00bfTrabajan con clientes internacionales?<\/h3>\n<div class=\"question-body\">\n<p>S\u00ed. Trabajamos regularmente con clientes internacionales y transfronterizos, incluyendo grupos multinacionales, asesores y empresarios que crean o gestionan entidades en Suiza.<\/p>\n<\/p>\n<\/div>\n<\/div>\n<div class=\"question reveal is-visible\">\n<h3>\u00bfCu\u00e1les son sus honorarios?<\/h3>\n<div class=\"question-body\">\n<p>Nuestros honorarios se determinan en funci\u00f3n de la naturaleza del mandato, la complejidad de la estructura y las responsabilidades asociadas. Proporcionamos un presupuesto claro y adaptado antes de la contrataci\u00f3n.<\/p>\n<\/p>\n<\/div>\n<\/div>\n<div class=\"question reveal d1 is-visible\">\n<h3>\u00bfEs confidencial el servicio?<\/h3>\n<div class=\"question-body\">\n<p>S\u00ed. Todos los mandatos se gestionan con estricta confidencialidad profesional. Garantizamos el tratamiento seguro de toda la informaci\u00f3n corporativa y personal de acuerdo con los est\u00e1ndares profesionales en Suiza.<\/p>\n<\/p>\n<\/div>\n<\/div>\n<div class=\"question reveal is-visible\">\n<h3>\u00bfC\u00f3mo puedo contactarles?<\/h3>\n<div class=\"question-body\">\n<p>Puede contactarnos a trav\u00e9s de nuestro formulario de contacto o por tel\u00e9fono. Estaremos encantados de analizar sus necesidades y proponer la soluci\u00f3n m\u00e1s adecuada.<\/p>\n<\/p>\n<\/div>\n<\/div>\n<\/div>\n<\/section>\n<p>[\/et_pb_text][et_pb_code disabled_on=\u00bboff|off|off\u00bb _builder_version=\u00bb4.27.6&#8243; _module_preset=\u00bbdefault\u00bb global_colors_info=\u00bb{}\u00bb]<\/p>\n<style><!-- [et_pb_line_break_holder] -->\/* \u2550\u2550\u2550\u2550\u2550\u2550\u2550\u2550\u2550\u2550\u2550\u2550\u2550\u2550\u2550\u2550\u2550\u2550\u2550\u2550\u2550\u2550\u2550\u2550\u2550\u2550\u2550\u2550\u2550\u2550\u2550\u2550\u2550\u2550\u2550\u2550\u2550\u2550\u2550<!-- [et_pb_line_break_holder] -->   1. HERO \u2014 Kendris style, no image<!-- [et_pb_line_break_holder] -->   \u2550\u2550\u2550\u2550\u2550\u2550\u2550\u2550\u2550\u2550\u2550\u2550\u2550\u2550\u2550\u2550\u2550\u2550\u2550\u2550\u2550\u2550\u2550\u2550\u2550\u2550\u2550\u2550\u2550\u2550\u2550\u2550\u2550\u2550\u2550\u2550\u2550\u2550\u2550 *\/<!-- [et_pb_line_break_holder] -->   .sp-hero{position:relative;min-height:520px;display:flex;align-items:flex-end;overflow:hidden;background:var(--dark)}<!-- [et_pb_line_break_holder] -->   .sp-hero::before{content:'';position:absolute;inset:0;background:radial-gradient(ellipse 60% 80% at 85% 30%,rgba(176,141,87,.06),transparent),radial-gradient(ellipse 50% 60% at 10% 70%,rgba(42,80,96,.08),transparent);pointer-events:none}<!-- [et_pb_line_break_holder] -->   \/* Subtle decorative SVG pattern *\/<!-- [et_pb_line_break_holder] -->   .sp-hero-deco{position:absolute;right:-5%;top:10%;width:50%;height:80%;opacity:.04;pointer-events:none}<!-- [et_pb_line_break_holder] -->   .sp-hero-deco svg{width:100%;height:100%}<!-- [et_pb_line_break_holder] -->   .sp-hero-content{position:relative;z-index:2;max-width:var(--max-w);width:100%;margin:0 auto;}<!-- [et_pb_line_break_holder] -->   .sp-hero-breadcrumb{display:flex;align-items:center;gap:8px;font-size:13px;color:rgba(255,255,255,.35);margin-bottom:28px}<!-- [et_pb_line_break_holder] -->   .sp-hero-breadcrumb a{color:var(--gold-light);transition:opacity .3s}<!-- [et_pb_line_break_holder] -->   .sp-hero-breadcrumb a:hover{opacity:.7}<!-- [et_pb_line_break_holder] -->   .sp-hero-breadcrumb span{color:rgba(255,255,255,.5)}<!-- [et_pb_line_break_holder] -->   .sp-hero-content h1{color:var(--white);max-width:680px;margin-bottom:20px}<!-- [et_pb_line_break_holder] -->   .sp-hero-content h1 em{color:var(--gold-light)}<!-- [et_pb_line_break_holder] -->   .sp-hero-sub{font-size:clamp(15px,1.1vw,17px);line-height:1.8;color:rgba(255,255,255,.5);max-width:560px;margin-bottom:36px}<!-- [et_pb_line_break_holder] -->   .sp-hero-actions{display:flex;gap:16px;flex-wrap:wrap}<!-- [et_pb_line_break_holder] -->  @media(max-width:768px){<!-- [et_pb_line_break_holder] -->  .sp-hero-actions{flex-direction:column}}<!-- [et_pb_line_break_holder] -->    <\/style>\n<p>[\/et_pb_code][\/et_pb_column][\/et_pb_row][\/et_pb_section][et_pb_section fb_built=\u00bb1&#8243; admin_label=\u00bbSection 1&#8243; _builder_version=\u00bb4.27.6&#8243; _module_preset=\u00bbdefault\u00bb background_color=\u00bb#f2f2f2&#8243; custom_padding=\u00bb||37px||false|false\u00bb locked=\u00bboff\u00bb global_colors_info=\u00bb{}\u00bb][et_pb_row make_equal=\u00bbon\u00bb custom_padding_last_edited=\u00bbon|phone\u00bb _builder_version=\u00bb4.27.4&#8243; _module_preset=\u00bbdefault\u00bb width=\u00bb100%\u00bb custom_padding=\u00bb|20px||20px|false|true\u00bb custom_padding_tablet=\u00bb0px|20px|0px|20px|true|true\u00bb custom_padding_phone=\u00bb0px|20px|0px|20px|false|true\u00bb global_colors_info=\u00bb{}\u00bb][et_pb_column type=\u00bb4_4&#8243; _builder_version=\u00bb4.27.4&#8243; _module_preset=\u00bbdefault\u00bb custom_css_free_form=\u00bb@media screen and (min-width:1025px){selector{margin-right:70px!important;}}\u00bb global_colors_info=\u00bb{}\u00bb][et_pb_text _builder_version=\u00bb4.27.6&#8243; _module_preset=\u00bbdefault\u00bb global_colors_info=\u00bb{}\u00bb]<\/p>\n<div class=\"services-header reveal is-visible\">\n<div>\n<p><span class=\"eyebrow\">Nuestros servicios<\/span><\/p>\n<p>&nbsp;<\/p>\n<h2>Servicios de <em>director<\/em> residente en Suiza<\/h2>\n<\/div>\n<p class=\"services-header-right\">Proporcionamos profesionales experimentados en representaci\u00f3n corporativa para ayudar a nuestros clientes a cumplir con sus obligaciones locales, permiti\u00e9ndoles centrarse en sus prioridades comerciales.<\/p>\n<\/div>\n<div class=\"services-cards\">\n<div class=\"svc-card reveal is-visible\">\n<div class=\"svc-card-img\"><img decoding=\"async\" src=\"\/wp-content\/uploads\/2026\/03\/nominee-director-sds.webp\" alt=\"Discusi\u00f3n de negocios\"><\/div>\n<div class=\"svc-card-body\">\n<div class=\"svc-card-num\">01<\/div>\n<h3>Servicios de director residente, director nominal y miembro de la junta en Suiza<\/h3>\n<p>En el exigente entorno econ\u00f3mico y regulatorio actual, las empresas suizas e internacionales necesitan un socio fiable para asegurar su representaci\u00f3n oficial, garantizar el cumplimiento normativo y optimizar su gesti\u00f3n administrativa.<\/p>\n<p><a href=\"https:\/\/swissdirectorservices.com\/es\/servicios-de-director-gerente-y-administrador-en-suiza\/\" class=\"arrow-link\">M\u00e1s informaci\u00f3n <svg viewbox=\"0 0 24 24\" fill=\"none\" stroke=\"currentColor\" stroke-width=\"2\" stroke-linecap=\"round\" stroke-linejoin=\"round\"><path d=\"M5 12h14\"><\/path><path d=\"m12 5 7 7-7 7\"><\/path><\/svg><\/a><\/p>\n<\/div>\n<\/div>\n<div class=\"svc-card reveal delay-1 is-visible\">\n<div class=\"svc-card-img\"><img decoding=\"async\" src=\"\/wp-content\/uploads\/2026\/03\/bureau-Rister-salle-de-conference-1.webp\"><\/div>\n<div class=\"svc-card-body\">\n<div class=\"svc-card-num\">02<\/div>\n<h3>Servicios de miembro de la junta para fundaciones y asociaciones<\/h3>\n<p>En un entorno cada vez m\u00e1s complejo y regulado, las fundaciones y asociaciones se enfrentan a exigentes desaf\u00edos estrat\u00e9gicos, normativos y operativos. Ofrecemos un apoyo a medida que abarca la gobernanza, la gesti\u00f3n de riesgos y el apoyo operativo. <\/p>\n<p><a href=\"https:\/\/swissdirectorservices.com\/es\/servicios-de-miembros-del-consejo-para-fundaciones-y-asociaciones-suizas\/\" class=\"arrow-link\">M\u00e1s informaci\u00f3n <svg viewbox=\"0 0 24 24\" fill=\"none\" stroke=\"currentColor\" stroke-width=\"2\" stroke-linecap=\"round\" stroke-linejoin=\"round\"><path d=\"M5 12h14\"><\/path><path d=\"m12 5 7 7-7 7\"><\/path><\/svg><\/a><\/p>\n<\/div>\n<\/div>\n<div class=\"svc-card reveal delay-2 is-visible\">\n<div class=\"svc-card-img\"><img decoding=\"async\" src=\"\/wp-content\/uploads\/2026\/03\/liquidation-company.webp\" alt=\"Revisi\u00f3n de documentos\"><\/div>\n<div class=\"svc-card-body\">\n<div class=\"svc-card-num\">03<\/div>\n<h3>Servicios de liquidador para empresas suizas<\/h3>\n<p>La liquidaci\u00f3n de una empresa es una etapa crucial que requiere una gesti\u00f3n rigurosa en l\u00ednea con los requisitos legales y fiscales suizos. Acompa\u00f1amos a las empresas en cada etapa del proceso de disoluci\u00f3n y liquidaci\u00f3n. <\/p>\n<p><a href=\"https:\/\/swissdirectorservices.com\/es\/servicios-de-liquidacion-para-empresas-suizas\/\" class=\"arrow-link\">M\u00e1s informaci\u00f3n <svg viewbox=\"0 0 24 24\" fill=\"none\" stroke=\"currentColor\" stroke-width=\"2\" stroke-linecap=\"round\" stroke-linejoin=\"round\"><path d=\"M5 12h14\"><\/path><path d=\"m12 5 7 7-7 7\"><\/path><\/svg><\/a><\/p>\n<\/div>\n<\/div>\n<\/div>\n<p>[\/et_pb_text][\/et_pb_column][\/et_pb_row][\/et_pb_section][et_pb_section fb_built=\u00bb1&#8243; custom_padding_last_edited=\u00bbon|phone\u00bb admin_label=\u00bbSection 5&#8243; module_id=\u00bbContacto\u00bb _builder_version=\u00bb4.27.6&#8243; _module_preset=\u00bbdefault\u00bb custom_margin=\u00bb||||false|false\u00bb custom_padding=\u00bb0px||0px||false|false\u00bb custom_padding_tablet=\u00bb37px||37px||false|false\u00bb custom_padding_phone=\u00bb20px||20px||false|false\u00bb locked=\u00bboff\u00bb global_colors_info=\u00bb{}\u00bb][et_pb_row _builder_version=\u00bb4.27.6&#8243; _module_preset=\u00bbdefault\u00bb width=\u00bb100%\u00bb max_width=\u00bb100%\u00bb custom_padding=\u00bb0px||0px||false|false\u00bb global_colors_info=\u00bb{}\u00bb][et_pb_column type=\u00bb4_4&#8243; _builder_version=\u00bb4.27.6&#8243; _module_preset=\u00bbdefault\u00bb global_colors_info=\u00bb{}\u00bb][et_pb_code _builder_version=\u00bb4.27.6&#8243; _module_preset=\u00bbdefault\u00bb global_colors_info=\u00bb{}\u00bb]<\/p>\n<div id=\"contact\" class=\"contact-split\"><!-- [et_pb_line_break_holder] -->  <\/p>\n<div class=\"contact-visual\"><!-- [et_pb_line_break_holder] -->    <img decoding=\"async\" src=\"\/wp-content\/uploads\/2025\/04\/banner-service-administrateur.webp\" alt=\"Orilla del lago de Ginebra\"><!-- [et_pb_line_break_holder] -->    <\/p>\n<div class=\"contact-visual-overlay\"><!-- [et_pb_line_break_holder] -->      <span class=\"eyebrow is-light\">P\u00f3ngase en contacto<\/span><!-- [et_pb_line_break_holder] -->      <\/p>\n<h2>Programe una <em>consulta<\/em> inicial<\/h2>\n<p><!-- [et_pb_line_break_holder] -->      <pee class=\"contact-visual-text\">Cont\u00e1ctenos para discutir sus requisitos de director residente en Suiza. Nuestro equipo estar\u00e1 encantado de revisar su estructura y explorar c\u00f3mo podemos apoyar sus necesidades de representaci\u00f3n suiza. <\/pee><!-- [et_pb_line_break_holder] --><pee class=\"contact-visual-text\">Complete el formulario de contacto o ll\u00e1menos al<\/pee><!-- [et_pb_line_break_holder] -->      <\/p>\n<div class=\"contact-info\"><!-- [et_pb_line_break_holder] -->        <\/p>\n<div class=\"contact-row\"><!-- [et_pb_line_break_holder] -->          <\/p>\n<div class=\"contact-icon\"><svg viewbox=\"0 0 24 24\" fill=\"none\" stroke=\"currentColor\" stroke-width=\"1.5\"><path d=\"M21 10c0 7-9 13-9 13s-9-6-9-13a9 9 0 0 1 18 0z\"><\/path><circle cx=\"12\" cy=\"10\" r=\"3\"\/><\/svg><\/div>\n<p><!-- [et_pb_line_break_holder] -->          <\/p>\n<div>\n<div class=\"contact-label\">Oficina<\/div>\n<div class=\"contact-val\">Rue Adrien-Lachenal 26, 1207 Ginebra<\/div>\n<\/div>\n<p><!-- [et_pb_line_break_holder] -->        <\/div>\n<p><!-- [et_pb_line_break_holder] -->        <\/p>\n<div class=\"contact-row\"><!-- [et_pb_line_break_holder] -->          <\/p>\n<div class=\"contact-icon\"><svg viewbox=\"0 0 24 24\" fill=\"none\" stroke=\"currentColor\" stroke-width=\"1.5\"><path d=\"M22 16.92v3a2 2 0 0 1-2.18 2 19.79 19.79 0 0 1-8.63-3.07 19.5 19.5 0 0 1-6-6 19.79 19.79 0 0 1-3.07-8.67A2 2 0 0 1 4.11 2h3a2 2 0 0 1 2 1.72c.127.96.361 1.903.7 2.81a2 2 0 0 1-.45 2.11L8.09 9.91a16 16 0 0 0 6 6l1.27-1.27a2 2 0 0 1 2.11-.45c.907.339 1.85.573 2.81.7A2 2 0 0 1 22 16.92z\"><\/path><\/svg><\/div>\n<p><!-- [et_pb_line_break_holder] -->          <\/p>\n<div>\n<div class=\"contact-label\">Tel\u00e9fono<\/div>\n<div class=\"contact-val\">+41 22 737 27 10<\/div>\n<\/div>\n<p><!-- [et_pb_line_break_holder] -->        <\/div>\n<p><!-- [et_pb_line_break_holder] -->      <\/div>\n<p><!-- [et_pb_line_break_holder] -->    <\/div>\n<p><!-- [et_pb_line_break_holder] -->  <\/div>\n<p><!-- [et_pb_line_break_holder] -->  <\/p>\n<div class=\"contact-form-wrap\"><!-- [et_pb_line_break_holder] -->    <\/p>\n<div class=\"form-title\">Env\u00edenos un mensaje<\/div>\n<p><!-- [et_pb_line_break_holder] -->    <pee class=\"form-sub\">Rellene el siguiente formulario y nos pondremos en contacto con usted a la brevedad.<\/pee><!-- [et_pb_line_break_holder] -->\n<div class=\"wpcf7 no-js\" id=\"wpcf7-f2799-o1\" lang=\"es-ES\" dir=\"ltr\" data-wpcf7-id=\"2799\">\n<div class=\"screen-reader-response\"><p role=\"status\" aria-live=\"polite\" aria-atomic=\"true\"><\/p> <ul><\/ul><\/div>\n<form action=\"\/es\/wp-json\/wp\/v2\/pages\/2765#wpcf7-f2799-o1\" method=\"post\" class=\"wpcf7-form init\" aria-label=\"Formulario de contacto\" novalidate=\"novalidate\" data-status=\"init\">\n<fieldset class=\"hidden-fields-container\"><input type=\"hidden\" name=\"_wpcf7\" value=\"2799\" \/><input type=\"hidden\" name=\"_wpcf7_version\" value=\"6.1.6\" \/><input type=\"hidden\" name=\"_wpcf7_locale\" value=\"es_ES\" \/><input type=\"hidden\" name=\"_wpcf7_unit_tag\" value=\"wpcf7-f2799-o1\" \/><input type=\"hidden\" name=\"_wpcf7_container_post\" value=\"0\" \/><input type=\"hidden\" name=\"_wpcf7_posted_data_hash\" value=\"\" \/><input type=\"hidden\" name=\"_wpcf7_recaptcha_response\" value=\"\" \/>\n<\/fieldset>\n<p><label>Tratamiento*<\/label><span class=\"wpcf7-form-control-wrap\" data-name=\"civilite\"><select class=\"wpcf7-form-control wpcf7-select wpcf7-validates-as-required\" aria-required=\"true\" aria-invalid=\"false\" name=\"civilite\"><option value=\"Se\u00f1or\">Se\u00f1or<\/option><option value=\"Se\u00f1ora\">Se\u00f1ora<\/option><\/select><\/span>\n<\/p>\n<p><label>Organizaci\u00f3n \/ Grupo*<\/label><span class=\"wpcf7-form-control-wrap\" data-name=\"company\"><input size=\"40\" maxlength=\"400\" class=\"wpcf7-form-control wpcf7-text wpcf7-validates-as-required\" aria-required=\"true\" aria-invalid=\"false\" value=\"\" type=\"text\" name=\"company\" \/><\/span>\n<\/p>\n<p><label>Nombre* :<\/label><span class=\"wpcf7-form-control-wrap\" data-name=\"firstname\"><input size=\"40\" maxlength=\"400\" class=\"wpcf7-form-control wpcf7-text wpcf7-validates-as-required\" aria-required=\"true\" aria-invalid=\"false\" value=\"\" type=\"text\" name=\"firstname\" \/><\/span>\n<\/p>\n<p><label>Apellido* :<\/label><span class=\"wpcf7-form-control-wrap\" data-name=\"lastname\"><input size=\"40\" maxlength=\"400\" class=\"wpcf7-form-control wpcf7-text wpcf7-validates-as-required\" aria-required=\"true\" aria-invalid=\"false\" value=\"\" type=\"text\" name=\"lastname\" \/><\/span>\n<\/p>\n<p><label>Email profesional* :<\/label><span class=\"wpcf7-form-control-wrap\" data-name=\"email\"><input size=\"40\" maxlength=\"400\" class=\"wpcf7-form-control wpcf7-email wpcf7-validates-as-required wpcf7-text wpcf7-validates-as-email\" autocomplete=\"email\" aria-required=\"true\" aria-invalid=\"false\" value=\"\" type=\"email\" name=\"email\" \/><\/span>\n<\/p>\n<p><label>Tel\u00e9fono* :<\/label><span class=\"wpcf7-form-control-wrap\" data-name=\"phone\"><input size=\"40\" class=\"wpcf7-form-control wpcf7-phonetext wpcf7-validates-as-required wpcf7-text wpcf7-validates-as-phonetext\" autocomplete=\"tel\" data-numberonly=\"true\" aria-required=\"true\" aria-invalid=\"false\" value=\"\" type=\"text\" name=\"phone\" \/><input type=\"hidden\" name=\"phone-country-code\" class=\"wpcf7-phonetext-country-code\" \/><\/span>\n<\/p>\n<p><span class=\"wpcf7-form-control-wrap\" data-name=\"service\"><select class=\"wpcf7-form-control wpcf7-select wpcf7-validates-as-required\" aria-required=\"true\" aria-invalid=\"false\" name=\"service\"><option value=\"\">Seleccione un servicio<\/option><option value=\"Servicios de administrador, gerente y director\">Servicios de administrador, gerente y director<\/option><option value=\"Servicios de miembro del consejo para fundaciones y asociaciones\">Servicios de miembro del consejo para fundaciones y asociaciones<\/option><option value=\"Servicios de liquidador para sociedades\">Servicios de liquidador para sociedades<\/option><option value=\"Otro\">Otro<\/option><\/select><\/span>\n<\/p>\n<p><span class=\"wpcf7-form-control-wrap\" data-name=\"message\"><textarea cols=\"40\" rows=\"10\" maxlength=\"2000\" class=\"wpcf7-form-control wpcf7-textarea wpcf7-validates-as-required\" aria-required=\"true\" aria-invalid=\"false\" placeholder=\"Describa su empresa y su necesidad: director residente, miembro del consejo o liquidador (forma jur\u00eddica, cant\u00f3n, actividad, plazo).\" name=\"message\"><\/textarea><\/span>\n<\/p>\n<p><input class=\"wpcf7-form-control wpcf7-submit has-spinner\" type=\"submit\" value=\"Enviar\" \/>\n<\/p><div class=\"wpcf7-response-output\" aria-hidden=\"true\"><\/div>\n<\/form>\n<\/div>\n<!-- [et_pb_line_break_holder] -->  <\/div>\n<p><!-- [et_pb_line_break_holder] --><\/div>\n<p>[\/et_pb_code][\/et_pb_column][\/et_pb_row][\/et_pb_section]<\/p>\n","protected":false},"excerpt":{"rendered":"<p>Inicio\/Preguntas frecuentes Informaci\u00f3n clave sobre nuestros servicios Contactar con el director \u2192+41 22 737 27 10 FAQ Preguntas Frecuentes \u00bfQu\u00e9 servicios ofrece Swiss Director Services S\u00e0rl? Swiss Director Services S\u00e0rl ofrece servicios de director residente en Suiza, gerente, administrador y signatario autorizado para empresas establecidas en Suiza. Tambi\u00e9n ofrecemos servicios de secretar\u00eda corporativa, servicios de [&hellip;]<\/p>\n","protected":false},"author":5,"featured_media":0,"parent":0,"menu_order":0,"comment_status":"closed","ping_status":"closed","template":"","meta":{"_et_pb_use_builder":"on","_et_pb_old_content":"","_et_gb_content_width":"","footnotes":""},"class_list":["post-2765","page","type-page","status-publish","hentry"],"_links":{"self":[{"href":"https:\/\/swissdirectorservices.com\/es\/wp-json\/wp\/v2\/pages\/2765","targetHints":{"allow":["GET"]}}],"collection":[{"href":"https:\/\/swissdirectorservices.com\/es\/wp-json\/wp\/v2\/pages"}],"about":[{"href":"https:\/\/swissdirectorservices.com\/es\/wp-json\/wp\/v2\/types\/page"}],"author":[{"embeddable":true,"href":"https:\/\/swissdirectorservices.com\/es\/wp-json\/wp\/v2\/users\/5"}],"replies":[{"embeddable":true,"href":"https:\/\/swissdirectorservices.com\/es\/wp-json\/wp\/v2\/comments?post=2765"}],"version-history":[{"count":1,"href":"https:\/\/swissdirectorservices.com\/es\/wp-json\/wp\/v2\/pages\/2765\/revisions"}],"predecessor-version":[{"id":2933,"href":"https:\/\/swissdirectorservices.com\/es\/wp-json\/wp\/v2\/pages\/2765\/revisions\/2933"}],"wp:attachment":[{"href":"https:\/\/swissdirectorservices.com\/es\/wp-json\/wp\/v2\/media?parent=2765"}],"curies":[{"name":"wp","href":"https:\/\/api.w.org\/{rel}","templated":true}]}}