{"id":3240,"date":"2025-04-05T05:50:23","date_gmt":"2025-04-05T05:50:23","guid":{"rendered":"https:\/\/swissdirectorservices.com\/nuestras-noticias\/"},"modified":"2026-03-27T15:16:08","modified_gmt":"2026-03-27T15:16:08","slug":"nuestras-noticias","status":"publish","type":"page","link":"https:\/\/swissdirectorservices.com\/es\/nuestras-noticias\/","title":{"rendered":"Nuestras noticias"},"content":{"rendered":"<p>[et_pb_section fb_built=\u00bb1&#8243; admin_label=\u00bbBanner\u00bb _builder_version=\u00bb4.27.6&#8243; _module_preset=\u00bbdefault\u00bb background_color=\u00bb#0F2027&#8243; background_enable_image=\u00bboff\u00bb background_enable_mask_style=\u00bbon\u00bb background_mask_color=\u00bbrgba(201,169,110,0.09)\u00bb background_mask_transform=\u00bbinvert\u00bb background_mask_aspect_ratio=\u00bbsquare\u00bb background_mask_size=\u00bbcover\u00bb background_mask_position=\u00bbbottom_left\u00bb width=\u00bb100%\u00bb max_width=\u00bb100%\u00bb height_tablet=\u00bb\u00bb height_phone=\u00bb\u00bb height_last_edited=\u00bbon|phone\u00bb overflow-x=\u00bbhidden\u00bb overflow-y=\u00bbhidden\u00bb custom_margin=\u00bb-78px||||false|false\u00bb custom_margin_tablet=\u00bb-78px||||false|false\u00bb custom_margin_phone=\u00bb||||false|false\u00bb custom_margin_last_edited=\u00bbon|phone\u00bb locked=\u00bboff\u00bb global_colors_info=\u00bb{}\u00bb][et_pb_row custom_padding_last_edited=\u00bbon|desktop\u00bb _builder_version=\u00bb4.27.6&#8243; _module_preset=\u00bbdefault\u00bb width=\u00bb90%\u00bb custom_margin=\u00bb||||false|false\u00bb custom_margin_tablet=\u00bb277px||||false|false\u00bb custom_margin_phone=\u00bb20%||||false|false\u00bb custom_margin_last_edited=\u00bboff|desktop\u00bb custom_padding=\u00bb80px||0px||false|false\u00bb custom_padding_tablet=\u00bb||||false|true\u00bb custom_padding_phone=\u00bb||||false|true\u00bb global_colors_info=\u00bb{}\u00bb][et_pb_column type=\u00bb4_4&#8243; _builder_version=\u00bb4.27.4&#8243; _module_preset=\u00bbdefault\u00bb global_colors_info=\u00bb{}\u00bb][et_pb_text _builder_version=\u00bb4.27.6&#8243; _module_preset=\u00bbdefault\u00bb global_colors_info=\u00bb{}\u00bb]<\/p>\n<div class=\"sp-hero-content\">\n<div class=\"sp-hero-breadcrumb\"><a href=\"#\">Inicio<\/a><br \/>\n<span>\/<\/span><br \/>\n<span>Nuestras noticias<\/span><\/div>\n<h1>Nuestras noticias<\/h1>\n<div class=\"sp-hero-actions\"><a href=\"#contact\" class=\"btn is-gold\">Contacta con el director \u2192<\/a><br \/>\n<a href=\"tel:+41227372710\" class=\"btn is-outline-light\">+41 22 737 27 10<\/a><\/div>\n<\/div>\n<p>[\/et_pb_text][et_pb_code disabled_on=\u00bboff|off|off\u00bb _builder_version=\u00bb4.27.6&#8243; _module_preset=\u00bbdefault\u00bb locked=\u00bboff\u00bb global_colors_info=\u00bb{}\u00bb]<!-- [et_pb_line_break_holder] --><\/p>\n<style><!-- [et_pb_line_break_holder] -->\/* \u2550\u2550\u2550\u2550\u2550\u2550\u2550\u2550\u2550\u2550\u2550\u2550\u2550\u2550\u2550\u2550\u2550\u2550\u2550\u2550\u2550\u2550\u2550\u2550\u2550\u2550\u2550\u2550\u2550\u2550\u2550\u2550\u2550\u2550\u2550\u2550\u2550\u2550\u2550<!-- [et_pb_line_break_holder] -->   1. HERO \u2014 Kendris style, no image<!-- [et_pb_line_break_holder] -->   \u2550\u2550\u2550\u2550\u2550\u2550\u2550\u2550\u2550\u2550\u2550\u2550\u2550\u2550\u2550\u2550\u2550\u2550\u2550\u2550\u2550\u2550\u2550\u2550\u2550\u2550\u2550\u2550\u2550\u2550\u2550\u2550\u2550\u2550\u2550\u2550\u2550\u2550\u2550 *\/<!-- [et_pb_line_break_holder] -->   .sp-hero{position:relative;min-height:520px;display:flex;align-items:flex-end;overflow:hidden;background:var(--dark)}<!-- [et_pb_line_break_holder] -->   .sp-hero::before{content:'';position:absolute;inset:0;background:radial-gradient(ellipse 60% 80% at 85% 30%,rgba(176,141,87,.06),transparent),radial-gradient(ellipse 50% 60% at 10% 70%,rgba(42,80,96,.08),transparent);pointer-events:none}<!-- [et_pb_line_break_holder] -->   \/* Subtle decorative SVG pattern *\/<!-- [et_pb_line_break_holder] -->   .sp-hero-deco{position:absolute;right:-5%;top:10%;width:50%;height:80%;opacity:.04;pointer-events:none}<!-- [et_pb_line_break_holder] -->   .sp-hero-deco svg{width:100%;height:100%}<!-- [et_pb_line_break_holder] -->   .sp-hero-content{position:relative;z-index:2;max-width:var(--max-w);width:100%;margin:0 auto;}<!-- [et_pb_line_break_holder] -->   .sp-hero-breadcrumb{display:flex;align-items:center;gap:8px;font-size:13px;color:rgba(255,255,255,.35);margin-bottom:28px}<!-- [et_pb_line_break_holder] -->   .sp-hero-breadcrumb a{color:var(--gold-light);transition:opacity .3s}<!-- [et_pb_line_break_holder] -->   .sp-hero-breadcrumb a:hover{opacity:.7}<!-- [et_pb_line_break_holder] -->   .sp-hero-breadcrumb span{color:rgba(255,255,255,.5)}<!-- [et_pb_line_break_holder] -->   .sp-hero-content h1{color:var(--white);max-width:680px;margin-bottom:20px}<!-- [et_pb_line_break_holder] -->   .sp-hero-content h1 em{color:var(--gold-light)}<!-- [et_pb_line_break_holder] -->   .sp-hero-actions{display:flex;gap:16px;flex-wrap:wrap}<!-- [et_pb_line_break_holder] -->  @media(max-width:768px){<!-- [et_pb_line_break_holder] -->  .sp-hero-actions{flex-direction:column}}<!-- [et_pb_line_break_holder] -->    <\/style>\n<p>[\/et_pb_code][\/et_pb_column][\/et_pb_row][\/et_pb_section][et_pb_section fb_built=\u00bb1&#8243; admin_label=\u00bbSection 4&#8243; _builder_version=\u00bb4.27.6&#8243; _module_preset=\u00bbdefault\u00bb background_color=\u00bb#f2f2f2&#8243; overflow-x=\u00bbhidden\u00bb custom_padding=\u00bb||70px||false|false\u00bb locked=\u00bboff\u00bb global_colors_info=\u00bb{}\u00bb][et_pb_row make_equal=\u00bbon\u00bb custom_padding_last_edited=\u00bbon|tablet\u00bb admin_label=\u00bbT\u00edtulo del blog\u00bb _builder_version=\u00bb4.27.6&#8243; _module_preset=\u00bbdefault\u00bb width=\u00bb90%\u00bb custom_margin=\u00bb||||false|false\u00bb custom_padding=\u00bb0px||0px||false|true\u00bb custom_padding_tablet=\u00bb0px||||false|false\u00bb custom_padding_phone=\u00bb0px||20px||false|true\u00bb global_colors_info=\u00bb{}\u00bb][et_pb_column type=\u00bb4_4&#8243; _builder_version=\u00bb4.27.6&#8243; _module_preset=\u00bbdefault\u00bb global_colors_info=\u00bb{}\u00bb][et_pb_text _builder_version=\u00bb4.27.6&#8243; _module_preset=\u00bbdefault\u00bb text_font=\u00bbMukta||||||||\u00bb text_text_color=\u00bb#666666&#8243; text_font_size=\u00bb16px\u00bb text_line_height=\u00bb27px\u00bb header_2_font=\u00bbMukta||||||||\u00bb header_2_text_color=\u00bb#333333&#8243; background_layout=\u00bbdark\u00bb custom_padding=\u00bb15px||0px||false|false\u00bb custom_css_free_form=\u00bb@media screen and (min-width:1025px){selector p{padding-bottom:30px!important;}}\u00bb global_colors_info=\u00bb{}\u00bb]<\/p>\n<div class=\"news-top reveal is-visible\">\n<div><span class=\"eyebrow\">\u00daltimas perspectivas<\/span><\/p>\n<h2>Noticias destacadas<\/h2>\n<\/div>\n<\/div>\n<p>[\/et_pb_text][\/et_pb_column][\/et_pb_row][et_pb_row _builder_version=\u00bb4.27.6&#8243; _module_preset=\u00bbdefault\u00bb global_colors_info=\u00bb{}\u00bb][et_pb_column type=\u00bb4_4&#8243; _builder_version=\u00bb4.27.6&#8243; _module_preset=\u00bbdefault\u00bb global_colors_info=\u00bb{}\u00bb][et_pb_blog fullwidth=\u00bboff\u00bb posts_number=\u00bb12&#8243; use_manual_excerpt=\u00bboff\u00bb show_more=\u00bbon\u00bb show_author=\u00bboff\u00bb show_categories=\u00bboff\u00bb show_excerpt=\u00bboff\u00bb _builder_version=\u00bb4.27.6&#8243; _module_preset=\u00bbdefault\u00bb header_level=\u00bbh3&#8243; header_font_size=\u00bb19px\u00bb pagination_font=\u00bb|600|||||||\u00bb hover_enabled=\u00bb0&#8243; custom_css_title=\u00bbheight: 80px\u00bb border_radii=\u00bbon|4px|4px|4px|4px\u00bb border_width_all=\u00bb0px\u00bb border_radii_image=\u00bbon|4px|4px|4px|4px\u00bb locked=\u00bboff\u00bb global_colors_info=\u00bb{}\u00bb sticky_enabled=\u00bb0&#8243;][\/et_pb_blog][\/et_pb_column][\/et_pb_row][\/et_pb_section][et_pb_section fb_built=\u00bb1&#8243; custom_padding_last_edited=\u00bbon|phone\u00bb admin_label=\u00bbSection 5&#8243; module_id=\u00bbcontacto\u00bb _builder_version=\u00bb4.27.6&#8243; _module_preset=\u00bbdefault\u00bb custom_margin=\u00bb||||false|false\u00bb custom_padding=\u00bb0px||0px||false|false\u00bb custom_padding_tablet=\u00bb37px||37px||false|false\u00bb custom_padding_phone=\u00bb20px||20px||false|false\u00bb locked=\u00bboff\u00bb global_colors_info=\u00bb{}\u00bb][et_pb_row _builder_version=\u00bb4.27.6&#8243; _module_preset=\u00bbdefault\u00bb width=\u00bb100%\u00bb max_width=\u00bb100%\u00bb custom_padding=\u00bb0px||0px||false|false\u00bb global_colors_info=\u00bb{}\u00bb][et_pb_column type=\u00bb4_4&#8243; _builder_version=\u00bb4.27.6&#8243; _module_preset=\u00bbdefault\u00bb global_colors_info=\u00bb{}\u00bb][et_pb_code _builder_version=\u00bb4.27.6&#8243; _module_preset=\u00bbdefault\u00bb global_colors_info=\u00bb{}\u00bb]<\/p>\n<div id=\"contact\" class=\"contact-split\"><!-- [et_pb_line_break_holder] -->  <\/p>\n<div class=\"contact-visual\"><!-- [et_pb_line_break_holder] -->    <img decoding=\"async\" src=\"\/wp-content\/uploads\/2025\/04\/banner-service-administrateur.webp\" alt=\"A orillas del lago de Ginebra\"><!-- [et_pb_line_break_holder] -->    <\/p>\n<div class=\"contact-visual-overlay\"><!-- [et_pb_line_break_holder] -->      <span class=\"eyebrow is-light\">P\u00f3ngase en contacto<\/span><!-- [et_pb_line_break_holder] -->      <\/p>\n<h2>Programe una <em>consulta<\/em> inicial<\/h2>\n<p><!-- [et_pb_line_break_holder] -->      <pee class=\"contact-visual-text\">Cont\u00e1ctenos para hablar sobre sus necesidades de director residente en Suiza. Nuestro equipo estar\u00e1 encantado de revisar su estructura y explorar c\u00f3mo podemos apoyar sus necesidades de representaci\u00f3n en Suiza. <\/pee><!-- [et_pb_line_break_holder] --><pee class=\"contact-visual-text\">Complete el formulario de contacto o ll\u00e1menos al<\/pee><!-- [et_pb_line_break_holder] -->      <\/p>\n<div class=\"contact-info\"><!-- [et_pb_line_break_holder] -->        <\/p>\n<div class=\"contact-row\"><!-- [et_pb_line_break_holder] -->          <\/p>\n<div class=\"contact-icon\"><svg viewbox=\"0 0 24 24\" fill=\"none\" stroke=\"currentColor\" stroke-width=\"1.5\"><path d=\"M21 10c0 7-9 13-9 13s-9-6-9-13a9 9 0 0 1 18 0z\"><\/path><circle cx=\"12\" cy=\"10\" r=\"3\"\/><\/svg><\/div>\n<p><!-- [et_pb_line_break_holder] -->          <\/p>\n<div>\n<div class=\"contact-label\">Oficina<\/div>\n<div class=\"contact-val\">Rue Adrien-Lachenal 26, 1207 Geneva<\/div>\n<\/div>\n<p><!-- [et_pb_line_break_holder] -->        <\/div>\n<p><!-- [et_pb_line_break_holder] -->        <\/p>\n<div class=\"contact-row\"><!-- [et_pb_line_break_holder] -->          <\/p>\n<div class=\"contact-icon\"><svg viewbox=\"0 0 24 24\" fill=\"none\" stroke=\"currentColor\" stroke-width=\"1.5\"><path d=\"M22 16.92v3a2 2 0 0 1-2.18 2 19.79 19.79 0 0 1-8.63-3.07 19.5 19.5 0 0 1-6-6 19.79 19.79 0 0 1-3.07-8.67A2 2 0 0 1 4.11 2h3a2 2 0 0 1 2 1.72c.127.96.361 1.903.7 2.81a2 2 0 0 1-.45 2.11L8.09 9.91a16 16 0 0 0 6 6l1.27-1.27a2 2 0 0 1 2.11-.45c.907.339 1.85.573 2.81.7A2 2 0 0 1 22 16.92z\"><\/path><\/svg><\/div>\n<p><!-- [et_pb_line_break_holder] -->          <\/p>\n<div>\n<div class=\"contact-label\">Tel\u00e9fono<\/div>\n<div class=\"contact-val\">+41 22 737 27 10<\/div>\n<\/div>\n<p><!-- [et_pb_line_break_holder] -->        <\/div>\n<p><!-- [et_pb_line_break_holder] -->      <\/div>\n<p><!-- [et_pb_line_break_holder] -->    <\/div>\n<p><!-- [et_pb_line_break_holder] -->  <\/div>\n<p><!-- [et_pb_line_break_holder] -->  <\/p>\n<div class=\"contact-form-wrap\"><!-- [et_pb_line_break_holder] -->    <\/p>\n<div class=\"form-title\">Env\u00edenos un mensaje<\/div>\n<p><!-- [et_pb_line_break_holder] -->    <pee class=\"form-sub\">Rellene el siguiente formulario y nos pondremos en contacto con usted a la mayor brevedad.<\/pee><!-- [et_pb_line_break_holder] -->\n<div class=\"wpcf7 no-js\" id=\"wpcf7-f2799-o1\" lang=\"es-ES\" dir=\"ltr\" data-wpcf7-id=\"2799\">\n<div class=\"screen-reader-response\"><p role=\"status\" aria-live=\"polite\" aria-atomic=\"true\"><\/p> <ul><\/ul><\/div>\n<form action=\"\/es\/wp-json\/wp\/v2\/pages\/3240#wpcf7-f2799-o1\" method=\"post\" class=\"wpcf7-form init\" aria-label=\"Formulario de contacto\" novalidate=\"novalidate\" data-status=\"init\">\n<fieldset class=\"hidden-fields-container\"><input type=\"hidden\" name=\"_wpcf7\" value=\"2799\" \/><input type=\"hidden\" name=\"_wpcf7_version\" value=\"6.1.6\" \/><input type=\"hidden\" name=\"_wpcf7_locale\" value=\"es_ES\" \/><input type=\"hidden\" name=\"_wpcf7_unit_tag\" value=\"wpcf7-f2799-o1\" \/><input type=\"hidden\" name=\"_wpcf7_container_post\" value=\"0\" \/><input type=\"hidden\" name=\"_wpcf7_posted_data_hash\" value=\"\" \/><input type=\"hidden\" name=\"_wpcf7_recaptcha_response\" value=\"\" \/>\n<\/fieldset>\n<p><label>Tratamiento*<\/label><span class=\"wpcf7-form-control-wrap\" data-name=\"civilite\"><select class=\"wpcf7-form-control wpcf7-select wpcf7-validates-as-required\" aria-required=\"true\" aria-invalid=\"false\" name=\"civilite\"><option value=\"Se\u00f1or\">Se\u00f1or<\/option><option value=\"Se\u00f1ora\">Se\u00f1ora<\/option><\/select><\/span>\n<\/p>\n<p><label>Organizaci\u00f3n \/ Grupo*<\/label><span class=\"wpcf7-form-control-wrap\" data-name=\"company\"><input size=\"40\" maxlength=\"400\" class=\"wpcf7-form-control wpcf7-text wpcf7-validates-as-required\" aria-required=\"true\" aria-invalid=\"false\" value=\"\" type=\"text\" name=\"company\" \/><\/span>\n<\/p>\n<p><label>Nombre* :<\/label><span class=\"wpcf7-form-control-wrap\" data-name=\"firstname\"><input size=\"40\" maxlength=\"400\" class=\"wpcf7-form-control wpcf7-text wpcf7-validates-as-required\" aria-required=\"true\" aria-invalid=\"false\" value=\"\" type=\"text\" name=\"firstname\" \/><\/span>\n<\/p>\n<p><label>Apellido* :<\/label><span class=\"wpcf7-form-control-wrap\" data-name=\"lastname\"><input size=\"40\" maxlength=\"400\" class=\"wpcf7-form-control wpcf7-text wpcf7-validates-as-required\" aria-required=\"true\" aria-invalid=\"false\" value=\"\" type=\"text\" name=\"lastname\" \/><\/span>\n<\/p>\n<p><label>Email profesional* :<\/label><span class=\"wpcf7-form-control-wrap\" data-name=\"email\"><input size=\"40\" maxlength=\"400\" class=\"wpcf7-form-control wpcf7-email wpcf7-validates-as-required wpcf7-text wpcf7-validates-as-email\" autocomplete=\"email\" aria-required=\"true\" aria-invalid=\"false\" value=\"\" type=\"email\" name=\"email\" \/><\/span>\n<\/p>\n<p><label>Tel\u00e9fono* :<\/label><span class=\"wpcf7-form-control-wrap\" data-name=\"phone\"><input size=\"40\" class=\"wpcf7-form-control wpcf7-phonetext wpcf7-validates-as-required wpcf7-text wpcf7-validates-as-phonetext\" autocomplete=\"tel\" data-numberonly=\"true\" aria-required=\"true\" aria-invalid=\"false\" value=\"\" type=\"text\" name=\"phone\" \/><input type=\"hidden\" name=\"phone-country-code\" class=\"wpcf7-phonetext-country-code\" \/><\/span>\n<\/p>\n<p><span class=\"wpcf7-form-control-wrap\" data-name=\"service\"><select class=\"wpcf7-form-control wpcf7-select wpcf7-validates-as-required\" aria-required=\"true\" aria-invalid=\"false\" name=\"service\"><option value=\"\">Seleccione un servicio<\/option><option value=\"Servicios de administrador, gerente y director\">Servicios de administrador, gerente y director<\/option><option value=\"Servicios de miembro del consejo para fundaciones y asociaciones\">Servicios de miembro del consejo para fundaciones y asociaciones<\/option><option value=\"Servicios de liquidador para sociedades\">Servicios de liquidador para sociedades<\/option><option value=\"Otro\">Otro<\/option><\/select><\/span>\n<\/p>\n<p><span class=\"wpcf7-form-control-wrap\" data-name=\"message\"><textarea cols=\"40\" rows=\"10\" maxlength=\"2000\" class=\"wpcf7-form-control wpcf7-textarea wpcf7-validates-as-required\" aria-required=\"true\" aria-invalid=\"false\" placeholder=\"Describa su empresa y su necesidad: director residente, miembro del consejo o liquidador (forma jur\u00eddica, cant\u00f3n, actividad, plazo).\" name=\"message\"><\/textarea><\/span>\n<\/p>\n<p><input class=\"wpcf7-form-control wpcf7-submit has-spinner\" type=\"submit\" value=\"Enviar\" \/>\n<\/p><div class=\"wpcf7-response-output\" aria-hidden=\"true\"><\/div>\n<\/form>\n<\/div>\n<!-- [et_pb_line_break_holder] -->  <\/div>\n<p><!-- [et_pb_line_break_holder] --><\/div>\n<p>[\/et_pb_code][\/et_pb_column][\/et_pb_row][\/et_pb_section]<\/p>\n","protected":false},"excerpt":{"rendered":"<p>Inicio \/ Nuestras noticias Nuestras noticias Contacta con el director \u2192 +41 22 737 27 10 \u00daltimas perspectivasNoticias destacadas P\u00f3ngase en contacto Programe una consulta inicial Cont\u00e1ctenos para hablar sobre sus necesidades de director residente en Suiza. Nuestro equipo estar\u00e1 encantado de revisar su estructura y explorar c\u00f3mo podemos apoyar sus necesidades de representaci\u00f3n en [&hellip;]<\/p>\n","protected":false},"author":5,"featured_media":0,"parent":0,"menu_order":0,"comment_status":"closed","ping_status":"closed","template":"","meta":{"_et_pb_use_builder":"on","_et_pb_old_content":"","_et_gb_content_width":"","footnotes":""},"class_list":["post-3240","page","type-page","status-publish","hentry"],"_links":{"self":[{"href":"https:\/\/swissdirectorservices.com\/es\/wp-json\/wp\/v2\/pages\/3240","targetHints":{"allow":["GET"]}}],"collection":[{"href":"https:\/\/swissdirectorservices.com\/es\/wp-json\/wp\/v2\/pages"}],"about":[{"href":"https:\/\/swissdirectorservices.com\/es\/wp-json\/wp\/v2\/types\/page"}],"author":[{"embeddable":true,"href":"https:\/\/swissdirectorservices.com\/es\/wp-json\/wp\/v2\/users\/5"}],"replies":[{"embeddable":true,"href":"https:\/\/swissdirectorservices.com\/es\/wp-json\/wp\/v2\/comments?post=3240"}],"version-history":[{"count":2,"href":"https:\/\/swissdirectorservices.com\/es\/wp-json\/wp\/v2\/pages\/3240\/revisions"}],"predecessor-version":[{"id":3242,"href":"https:\/\/swissdirectorservices.com\/es\/wp-json\/wp\/v2\/pages\/3240\/revisions\/3242"}],"wp:attachment":[{"href":"https:\/\/swissdirectorservices.com\/es\/wp-json\/wp\/v2\/media?parent=3240"}],"curies":[{"name":"wp","href":"https:\/\/api.w.org\/{rel}","templated":true}]}}