{"id":1145,"date":"2025-04-10T05:38:31","date_gmt":"2025-04-10T05:38:31","guid":{"rendered":"https:\/\/swissdirectorservices.com\/?page_id=1145"},"modified":"2026-03-19T09:56:59","modified_gmt":"2026-03-19T09:56:59","slug":"politique-de-confidentialite","status":"publish","type":"page","link":"https:\/\/swissdirectorservices.com\/fr\/politique-de-confidentialite\/","title":{"rendered":"Politique de confidentialit\u00e9"},"content":{"rendered":"<p>[et_pb_section fb_built=\u00a0\u00bb1&Prime; custom_padding_last_edited=\u00a0\u00bbon|phone\u00a0\u00bb _builder_version=\u00a0\u00bb4.27.6&Prime; _module_preset=\u00a0\u00bbdefault\u00a0\u00bb background_color=\u00a0\u00bb#0F2027&Prime; custom_margin=\u00a0\u00bb||||false|false\u00a0\u00bb custom_padding=\u00a0\u00bb110px||||false|false\u00a0\u00bb custom_padding_tablet=\u00a0\u00bb110px||||false|false\u00a0\u00bb custom_padding_phone=\u00a0\u00bb110px||||false|false\u00a0\u00bb global_colors_info=\u00a0\u00bb{}\u00a0\u00bb][et_pb_row _builder_version=\u00a0\u00bb4.27.6&Prime; _module_preset=\u00a0\u00bbdefault\u00a0\u00bb global_colors_info=\u00a0\u00bb{}\u00a0\u00bb][et_pb_column type=\u00a0\u00bb4_4&Prime; _builder_version=\u00a0\u00bb4.27.6&Prime; _module_preset=\u00a0\u00bbdefault\u00a0\u00bb global_colors_info=\u00a0\u00bb{}\u00a0\u00bb][et_pb_text _builder_version=\u00a0\u00bb4.27.6&Prime; _module_preset=\u00a0\u00bbdefault\u00a0\u00bb text_font=\u00a0\u00bbMukta|800|||||||\u00a0\u00bb text_text_color=\u00a0\u00bb#FFFFFF\u00a0\u00bb text_font_size=\u00a0\u00bb16px\u00a0\u00bb header_font=\u00a0\u00bbMukta||||||||\u00a0\u00bb header_font_size=\u00a0\u00bb60px\u00a0\u00bb background_layout=\u00a0\u00bbdark\u00a0\u00bb width=\u00a0\u00bb100%\u00a0\u00bb max_width=\u00a0\u00bb859px\u00a0\u00bb header_font_size_tablet=\u00a0\u00bb48px\u00a0\u00bb header_font_size_phone=\u00a0\u00bb42px\u00a0\u00bb header_font_size_last_edited=\u00a0\u00bbon|phone\u00a0\u00bb global_colors_info=\u00a0\u00bb{}\u00a0\u00bb]<\/p>\n<h1>Politique de confidentialit\u00e9<\/h1>\n<p style=\"color:#fff;\">\nSwiss Director Services S\u00e0rl (\u00ab\u00a0nous\u00a0\u00bb, \u00ab\u00a0notre\u00a0\u00bb, \u00ab\u00a0nos\u00a0\u00bb) s&rsquo;engage \u00e0 prot\u00e9ger vos donn\u00e9es personnelles et \u00e0 respecter votre vie priv\u00e9e conform\u00e9ment aux lois applicables en mati\u00e8re de protection des donn\u00e9es, notamment le R\u00e8glement g\u00e9n\u00e9ral sur la protection des donn\u00e9es (RGPD) et la Loi f\u00e9d\u00e9rale suisse sur la protection des donn\u00e9es (nLPD).\n<\/p>\n<p style=\"color:#fff;\"><strong>Derni\u00e8re mise \u00e0 jour :<\/strong> 17 mars 2026<\/p>\n<p>[\/et_pb_text][\/et_pb_column][\/et_pb_row][\/et_pb_section][et_pb_section fb_built=\u00a0\u00bb1&Prime; custom_padding_last_edited=\u00a0\u00bbon|phone\u00a0\u00bb admin_label=\u00a0\u00bbSection 1&Prime; _builder_version=\u00a0\u00bb4.27.4&Prime; _module_preset=\u00a0\u00bbdefault\u00a0\u00bb custom_padding=\u00a0\u00bb||58px||false|false\u00a0\u00bb custom_padding_tablet=\u00a0\u00bb30px||10px||false|false\u00a0\u00bb custom_padding_phone=\u00a0\u00bb30px||15px||false|false\u00a0\u00bb global_colors_info=\u00a0\u00bb{}\u00a0\u00bb][et_pb_row make_equal=\u00a0\u00bbon\u00a0\u00bb custom_padding_last_edited=\u00a0\u00bbon|tablet\u00a0\u00bb admin_label=\u00a0\u00bbLigne\u00a0\u00bb _builder_version=\u00a0\u00bb4.27.4&Prime; _module_preset=\u00a0\u00bbdefault\u00a0\u00bb width=\u00a0\u00bb100%\u00a0\u00bb max_width=\u00a0\u00bb1120px\u00a0\u00bb custom_padding=\u00a0\u00bb|20px|0px|20px|false|true\u00a0\u00bb custom_padding_tablet=\u00a0\u00bb|20px|25px|20px|false|true\u00a0\u00bb custom_padding_phone=\u00a0\u00bb|20px|25px|20px|false|true\u00a0\u00bb global_colors_info=\u00a0\u00bb{}\u00a0\u00bb][et_pb_column type=\u00a0\u00bb4_4&Prime; _builder_version=\u00a0\u00bb4.27.4&Prime; _module_preset=\u00a0\u00bbdefault\u00a0\u00bb custom_css_free_form=\u00a0\u00bb@media screen and (min-width:1025px){selector{margin-right:70px!important;}}\u00a0\u00bb global_colors_info=\u00a0\u00bb{}\u00a0\u00bb][et_pb_text _builder_version=\u00a0\u00bb4.27.6&Prime; _module_preset=\u00a0\u00bbdefault\u00a0\u00bb text_font=\u00a0\u00bbMukta||||||||\u00a0\u00bb text_text_color=\u00a0\u00bb#666666&Prime; text_font_size=\u00a0\u00bb16px\u00a0\u00bb text_line_height=\u00a0\u00bb27px\u00a0\u00bb ul_line_height=\u00a0\u00bb0.5em\u00a0\u00bb header_2_font=\u00a0\u00bbMukta||||||||\u00a0\u00bb header_2_text_color=\u00a0\u00bb#333333&Prime; header_2_font_size=\u00a0\u00bb32px\u00a0\u00bb background_layout=\u00a0\u00bbdark\u00a0\u00bb hover_enabled=\u00a0\u00bb0&Prime; custom_css_free_form=\u00a0\u00bbselector h2,selector h3,selector h4{margin-bottom:20px;}||selector ul {list-style-type: none;}||selector ul li {margin-bottom: 25px;}||selector ul li:before {content: &lsquo;\u2022&rsquo;;font-size: 16px;color: #666;position: absolute;left: 0;}||||@media screen and (min-width:1025px){selector p{padding-bottom:20px!important;}}||@media screen and (max-width:980px){selector ul li {margin-bottom: 10px;}}\u00a0\u00bb global_colors_info=\u00a0\u00bb{}\u00a0\u00bb sticky_enabled=\u00a0\u00bb0&Prime;]<\/p>\n<h2>Table des mati\u00e8res<\/h2>\n<ul>\n<li><a href=\"#controller\">Responsable du traitement<\/a><\/li>\n<li><a href=\"#definitions\">D\u00e9finitions<\/a><\/li>\n<li><a href=\"#principles\">Principes de protection des donn\u00e9es<\/a><\/li>\n<li><a href=\"#data-collection\">Donn\u00e9es personnelles collect\u00e9es<\/a><\/li>\n<li><a href=\"#legal-basis\">Bases l\u00e9gales et finalit\u00e9s du traitement<\/a><\/li>\n<li><a href=\"#retention\">Dur\u00e9e de conservation<\/a><\/li>\n<li><a href=\"#sharing\">Partage des donn\u00e9es<\/a><\/li>\n<li><a href=\"#transfers\">Transferts internationaux<\/a><\/li>\n<li><a href=\"#security\">S\u00e9curit\u00e9 des donn\u00e9es<\/a><\/li>\n<li><a href=\"#cookies\">Cookies et technologies similaires<\/a><\/li>\n<li><a href=\"#rights\">Vos droits<\/a><\/li>\n<li><a href=\"#children\">Enfants<\/a><\/li>\n<li><a href=\"#updates\">Mises \u00e0 jour<\/a><\/li>\n<li><a href=\"#contact\">Contact<\/a><\/li>\n<\/ul>\n<hr>\n<p><\/p>\n<h2 id=\"controller\">Responsable du traitement<\/h2>\n<p>\nLe responsable du traitement des donn\u00e9es personnelles est :\n<\/p>\n<p>\nSwiss Director Services S\u00e0rl<br \/>\nRue Adrien-Lachenal 26<br \/>\n1207 Gen\u00e8ve, Suisse<br \/>\nT\u00e9l\u00e9phone : +41 22 566 82 44<br \/>\nEmail : <a href=\"mailto:andres@swissdirector.ch\">andres@swissdirector.ch<\/a>\n<\/p>\n<hr>\n<p><\/p>\n<h2 id=\"definitions\">D\u00e9finitions<\/h2>\n<p><strong>Donn\u00e9e personnelle :<\/strong> toute information se rapportant \u00e0 une personne physique identifi\u00e9e ou identifiable.<\/p>\n<p><strong>Traitement :<\/strong> toute op\u00e9ration ou ensemble d\u2019op\u00e9rations appliqu\u00e9es \u00e0 des donn\u00e9es personnelles.<\/p>\n<p><strong>Personne concern\u00e9e :<\/strong> la personne dont les donn\u00e9es sont trait\u00e9es.<\/p>\n<p><strong>Responsable du traitement :<\/strong> entit\u00e9 qui d\u00e9termine les finalit\u00e9s et les moyens du traitement.<\/p>\n<p><strong>Sous-traitant :<\/strong> tiers traitant des donn\u00e9es personnelles pour le compte du responsable.<\/p>\n<p><strong>Consentement :<\/strong> toute manifestation de volont\u00e9 libre, sp\u00e9cifique, \u00e9clair\u00e9e et univoque.<\/p>\n<hr>\n<p><\/p>\n<h2 id=\"principles\">Principes de protection des donn\u00e9es<\/h2>\n<ul>\n<li>Lic\u00e9it\u00e9, loyaut\u00e9 et transparence<\/li>\n<li>Limitation des finalit\u00e9s<\/li>\n<li>Minimisation des donn\u00e9es<\/li>\n<li>Exactitude<\/li>\n<li>Limitation de la conservation<\/li>\n<li>Int\u00e9grit\u00e9 et confidentialit\u00e9<\/li>\n<li>Responsabilit\u00e9<\/li>\n<\/ul>\n<p>\nNous traitons les donn\u00e9es personnelles uniquement lorsqu\u2019une base l\u00e9gale valide existe.\n<\/p>\n<hr>\n<p><\/p>\n<h2 id=\"data-collection\">Donn\u00e9es personnelles collect\u00e9es<\/h2>\n<h3>Donn\u00e9es fournies directement<\/h3>\n<ul>\n<li>Nom et pr\u00e9nom<\/li>\n<li>Adresse email<\/li>\n<li>Num\u00e9ro de t\u00e9l\u00e9phone<\/li>\n<li>Adresse de facturation<\/li>\n<li>Informations sur l\u2019entreprise<\/li>\n<li>Contenu des messages ou formulaires<\/li>\n<\/ul>\n<h3>Donn\u00e9es collect\u00e9es automatiquement<\/h3>\n<ul>\n<li>Adresse IP<\/li>\n<li>Navigateur et version<\/li>\n<li>Type d\u2019appareil<\/li>\n<li>Pages visit\u00e9es<\/li>\n<li>Date et heure d\u2019acc\u00e8s<\/li>\n<li>Donn\u00e9es de localisation approximative<\/li>\n<li>Cookies<\/li>\n<\/ul>\n<h3>Donn\u00e9es provenant de tiers<\/h3>\n<p>\nNous pouvons recevoir des donn\u00e9es de partenaires ou sources publiques lorsque la loi le permet.\n<\/p>\n<hr>\n<p><\/p>\n<h2 id=\"legal-basis\">Bases l\u00e9gales et finalit\u00e9s du traitement<\/h2>\n<table border=\"1\" cellpadding=\"6\">\n<tr>\n<th>Finalit\u00e9<\/th>\n<th>Donn\u00e9es<\/th>\n<th>Base l\u00e9gale<\/th>\n<\/tr>\n<tr>\n<td>R\u00e9pondre aux demandes<\/td>\n<td>Nom, email, message<\/td>\n<td>Int\u00e9r\u00eat l\u00e9gitime \/ pr\u00e9contractuel<\/td>\n<\/tr>\n<tr>\n<td>Fourniture de services<\/td>\n<td>Donn\u00e9es client<\/td>\n<td>Contrat<\/td>\n<\/tr>\n<tr>\n<td>Comptabilit\u00e9<\/td>\n<td>Donn\u00e9es de facturation<\/td>\n<td>Obligation l\u00e9gale<\/td>\n<\/tr>\n<tr>\n<td>Marketing<\/td>\n<td>Email<\/td>\n<td>Consentement<\/td>\n<\/tr>\n<tr>\n<td>Analyse du site<\/td>\n<td>Donn\u00e9es techniques<\/td>\n<td>Consentement<\/td>\n<\/tr>\n<\/table>\n<p>\nVous pouvez retirer votre consentement \u00e0 tout moment.\n<\/p>\n<hr>\n<p><\/p>\n<h2 id=\"retention\">Dur\u00e9e de conservation<\/h2>\n<ul>\n<li>Donn\u00e9es clients : 10 ans<\/li>\n<li>Prospects : 3 ans<\/li>\n<li>Marketing : jusqu\u2019au retrait du consentement<\/li>\n<li>Donn\u00e9es techniques : 13 mois<\/li>\n<\/ul>\n<hr>\n<p><\/p>\n<h2 id=\"sharing\">Partage des donn\u00e9es<\/h2>\n<ul>\n<li>H\u00e9bergeurs (Suisse \/ UE)<\/li>\n<li>Prestataires IT<\/li>\n<li>Google LLC (USA) \u2013 analytics<\/li>\n<li>Conseillers (juridiques, comptables)<\/li>\n<\/ul>\n<p>Nous ne vendons pas vos donn\u00e9es.<\/p>\n<hr>\n<p><\/p>\n<h2 id=\"transfers\">Transferts internationaux<\/h2>\n<p>\nLes donn\u00e9es peuvent \u00eatre transf\u00e9r\u00e9es hors Suisse ou UE avec garanties (SCC, d\u00e9cisions d\u2019ad\u00e9quation).\n<\/p>\n<hr>\n<p><\/p>\n<h2 id=\"security\">S\u00e9curit\u00e9 des donn\u00e9es<\/h2>\n<p>\nNous utilisons des mesures techniques et organisationnelles appropri\u00e9es (HTTPS, s\u00e9curit\u00e9, contr\u00f4le d\u2019acc\u00e8s).\n<\/p>\n<hr>\n<p><\/p>\n<h2 id=\"cookies\">Cookies<\/h2>\n<p>\nLes cookies non essentiels sont utilis\u00e9s uniquement avec votre consentement.\n<\/p>\n<table border=\"1\">\n<tr>\n<th>Type<\/th>\n<th>Base l\u00e9gale<\/th>\n<th>Dur\u00e9e<\/th>\n<\/tr>\n<tr>\n<td>Essentiels<\/td>\n<td>Int\u00e9r\u00eat l\u00e9gitime<\/td>\n<td>13 mois<\/td>\n<\/tr>\n<tr>\n<td>Analytics<\/td>\n<td>Consentement<\/td>\n<td>13 mois<\/td>\n<\/tr>\n<\/table>\n<p>\nGoogle Analytics peut \u00eatre utilis\u00e9 avec anonymisation IP lorsque possible.\n<\/p>\n<hr>\n<p><\/p>\n<h2 id=\"rights\">Vos droits<\/h2>\n<ul>\n<li>Acc\u00e8s<\/li>\n<li>Rectification<\/li>\n<li>Effacement<\/li>\n<li>Opposition<\/li>\n<li>Portabilit\u00e9<\/li>\n<\/ul>\n<p>\nVous pouvez exercer vos droits \u00e0 :<br \/>\n<a href=\"mailto:andres@swissdirector.ch\">andres@swissdirector.ch<\/a>\n<\/p>\n<p>Nous r\u00e9pondons sous 30 jours.<\/p>\n<p>\nAutorit\u00e9 :<br \/>\n<br \/>\nFDPIC :<br \/>\n<a href=\"https:\/\/www.edoeb.admin.ch\" target=\"_blank\" rel=\"noopener\">https:\/\/www.edoeb.admin.ch<\/a>\n<\/p>\n<hr>\n<p><\/p>\n<h2 id=\"children\">Enfants<\/h2>\n<p>\nNous ne collectons pas de donn\u00e9es d\u2019enfants de moins de 16 ans.\n<\/p>\n<hr>\n<p><\/p>\n<h2 id=\"updates\">Mises \u00e0 jour<\/h2>\n<p>\nCette politique peut \u00eatre modifi\u00e9e \u00e0 tout moment.\n<\/p>\n<hr>\n<p><\/p>\n<h2 id=\"contact\">Contact<\/h2>\n<p>\nSwiss Director Services S\u00e0rl<br \/>\nGen\u00e8ve, Suisse<br \/>\nEmail : <a href=\"mailto:andres@swissdirector.ch\">andres@swissdirector.ch<\/a>\n<\/p>\n<p>[\/et_pb_text][\/et_pb_column][\/et_pb_row][\/et_pb_section]<\/p>\n","protected":false},"excerpt":{"rendered":"<p>Politique de confidentialit\u00e9 Swiss Director Services S\u00e0rl (\u00ab\u00a0nous\u00a0\u00bb, \u00ab\u00a0notre\u00a0\u00bb, \u00ab\u00a0nos\u00a0\u00bb) s&rsquo;engage \u00e0 prot\u00e9ger vos donn\u00e9es personnelles et \u00e0 respecter votre vie priv\u00e9e conform\u00e9ment aux lois applicables en mati\u00e8re de protection des donn\u00e9es, notamment le R\u00e8glement g\u00e9n\u00e9ral sur la protection des donn\u00e9es (RGPD) et la Loi f\u00e9d\u00e9rale suisse sur la protection des donn\u00e9es (nLPD). Derni\u00e8re mise [&hellip;]<\/p>\n","protected":false},"author":5,"featured_media":0,"parent":0,"menu_order":0,"comment_status":"closed","ping_status":"closed","template":"","meta":{"_et_pb_use_builder":"on","_et_pb_old_content":"","_et_gb_content_width":"","footnotes":""},"class_list":["post-1145","page","type-page","status-publish","hentry"],"_links":{"self":[{"href":"https:\/\/swissdirectorservices.com\/fr\/wp-json\/wp\/v2\/pages\/1145","targetHints":{"allow":["GET"]}}],"collection":[{"href":"https:\/\/swissdirectorservices.com\/fr\/wp-json\/wp\/v2\/pages"}],"about":[{"href":"https:\/\/swissdirectorservices.com\/fr\/wp-json\/wp\/v2\/types\/page"}],"author":[{"embeddable":true,"href":"https:\/\/swissdirectorservices.com\/fr\/wp-json\/wp\/v2\/users\/5"}],"replies":[{"embeddable":true,"href":"https:\/\/swissdirectorservices.com\/fr\/wp-json\/wp\/v2\/comments?post=1145"}],"version-history":[{"count":0,"href":"https:\/\/swissdirectorservices.com\/fr\/wp-json\/wp\/v2\/pages\/1145\/revisions"}],"wp:attachment":[{"href":"https:\/\/swissdirectorservices.com\/fr\/wp-json\/wp\/v2\/media?parent=1145"}],"curies":[{"name":"wp","href":"https:\/\/api.w.org\/{rel}","templated":true}]}}