{"id":614,"date":"2025-04-04T15:32:38","date_gmt":"2025-04-04T15:32:38","guid":{"rendered":"https:\/\/swissdirectorservices.com\/?page_id=614"},"modified":"2026-03-19T09:54:20","modified_gmt":"2026-03-19T09:54:20","slug":"contact","status":"publish","type":"page","link":"https:\/\/swissdirectorservices.com\/fr\/contact\/","title":{"rendered":"Contact"},"content":{"rendered":"<p>[et_pb_section fb_built=\u00a0\u00bb1&Prime; admin_label=\u00a0\u00bbBanner\u00a0\u00bb _builder_version=\u00a0\u00bb4.27.6&Prime; _module_preset=\u00a0\u00bbdefault\u00a0\u00bb background_color=\u00a0\u00bb#0F2027&Prime; background_enable_image=\u00a0\u00bboff\u00a0\u00bb background_enable_mask_style=\u00a0\u00bbon\u00a0\u00bb background_mask_color=\u00a0\u00bbrgba(201,169,110,0.09)\u00a0\u00bb background_mask_transform=\u00a0\u00bbinvert\u00a0\u00bb background_mask_aspect_ratio=\u00a0\u00bbsquare\u00a0\u00bb background_mask_size=\u00a0\u00bbcover\u00a0\u00bb background_mask_position=\u00a0\u00bbbottom_left\u00a0\u00bb width=\u00a0\u00bb100%\u00a0\u00bb max_width=\u00a0\u00bb100%\u00a0\u00bb height_tablet=\u00a0\u00bb\u00a0\u00bb height_phone=\u00a0\u00bb\u00a0\u00bb height_last_edited=\u00a0\u00bbon|phone\u00a0\u00bb overflow-x=\u00a0\u00bbhidden\u00a0\u00bb overflow-y=\u00a0\u00bbhidden\u00a0\u00bb custom_margin=\u00a0\u00bb-78px||||false|false\u00a0\u00bb custom_margin_tablet=\u00a0\u00bb-78px||||false|false\u00a0\u00bb custom_margin_phone=\u00a0\u00bb||||false|false\u00a0\u00bb custom_margin_last_edited=\u00a0\u00bbon|phone\u00a0\u00bb locked=\u00a0\u00bboff\u00a0\u00bb global_colors_info=\u00a0\u00bb{}\u00a0\u00bb][et_pb_row custom_padding_last_edited=\u00a0\u00bbon|desktop\u00a0\u00bb _builder_version=\u00a0\u00bb4.27.6&Prime; _module_preset=\u00a0\u00bbdefault\u00a0\u00bb width=\u00a0\u00bb90%\u00a0\u00bb custom_margin=\u00a0\u00bb||||false|false\u00a0\u00bb custom_margin_tablet=\u00a0\u00bb277px||||false|false\u00a0\u00bb custom_margin_phone=\u00a0\u00bb20%||||false|false\u00a0\u00bb custom_margin_last_edited=\u00a0\u00bboff|desktop\u00a0\u00bb custom_padding=\u00a0\u00bb80px||0px||false|false\u00a0\u00bb custom_padding_tablet=\u00a0\u00bb||||false|true\u00a0\u00bb custom_padding_phone=\u00a0\u00bb||||false|true\u00a0\u00bb global_colors_info=\u00a0\u00bb{}\u00a0\u00bb][et_pb_column type=\u00a0\u00bb4_4&Prime; _builder_version=\u00a0\u00bb4.27.4&Prime; _module_preset=\u00a0\u00bbdefault\u00a0\u00bb global_colors_info=\u00a0\u00bb{}\u00a0\u00bb][et_pb_text _builder_version=\u00a0\u00bb4.27.6&Prime; _module_preset=\u00a0\u00bbdefault\u00a0\u00bb global_colors_info=\u00a0\u00bb{}\u00a0\u00bb]<\/p>\n<div class=\"sp-hero-content\">\n<div class=\"sp-hero-breadcrumb\"><a href=\"#\">Accueil<\/a><br \/><span>\/<\/span><br \/><span>Contact<\/span><\/div>\n<h1>Discutons de vos Besoins en <em>Gouvernance en Suisse<\/em><\/h1>\n<div class=\"contact-info\">\n<div class=\"contact-row\">\n<div class=\"contact-icon\"><svg viewbox=\"0 0 24 24\" fill=\"none\" stroke=\"currentColor\" stroke-width=\"1.5\"><path d=\"M21 10c0 7-9 13-9 13s-9-6-9-13a9 9 0 0 1 18 0z\"><\/path><circle cx=\"12\" cy=\"10\" r=\"3\"><\/circle><\/svg><\/div>\n<div>\n<div class=\"contact-label\">Si\u00e8ge Social<\/div>\n<div class=\"contact-val\">Rue Adrien-Lachenal 26, 1207 Gen\u00e8ve<\/div>\n<\/div>\n<\/div>\n<div class=\"contact-row\">\n<div class=\"contact-icon\"><svg viewbox=\"0 0 24 24\" fill=\"none\" stroke=\"currentColor\" stroke-width=\"1.5\"><path d=\"M22 16.92v3a2 2 0 0 1-2.18 2 19.79 19.79 0 0 1-8.63-3.07 19.5 19.5 0 0 1-6-6 19.79 19.79 0 0 1-3.07-8.67A2 2 0 0 1 4.11 2h3a2 2 0 0 1 2 1.72c.127.96.361 1.903.7 2.81a2 2 0 0 1-.45 2.11L8.09 9.91a16 16 0 0 0 6 6l1.27-1.27a2 2 0 0 1 2.11-.45c.907.339 1.85.573 2.81.7A2 2 0 0 1 22 16.92z\"><\/path><\/svg><\/div>\n<div>\n<div class=\"contact-label\">Telephone<\/div>\n<div class=\"contact-val\">+41 22 737 27 10<\/div>\n<\/div>\n<\/div>\n<\/div>\n<\/div>\n<p>[\/et_pb_text][et_pb_code disabled_on=\u00a0\u00bboff|off|off\u00a0\u00bb _builder_version=\u00a0\u00bb4.27.6&Prime; _module_preset=\u00a0\u00bbdefault\u00a0\u00bb locked=\u00a0\u00bboff\u00a0\u00bb global_colors_info=\u00a0\u00bb{}\u00a0\u00bb]<!-- [et_pb_line_break_holder] --><\/p>\n<style><!-- [et_pb_line_break_holder] -->\/* \u2550\u2550\u2550\u2550\u2550\u2550\u2550\u2550\u2550\u2550\u2550\u2550\u2550\u2550\u2550\u2550\u2550\u2550\u2550\u2550\u2550\u2550\u2550\u2550\u2550\u2550\u2550\u2550\u2550\u2550\u2550\u2550\u2550\u2550\u2550\u2550\u2550\u2550\u2550<!-- [et_pb_line_break_holder] -->   1. HERO \u2014 Kendris style, no image<!-- [et_pb_line_break_holder] -->   \u2550\u2550\u2550\u2550\u2550\u2550\u2550\u2550\u2550\u2550\u2550\u2550\u2550\u2550\u2550\u2550\u2550\u2550\u2550\u2550\u2550\u2550\u2550\u2550\u2550\u2550\u2550\u2550\u2550\u2550\u2550\u2550\u2550\u2550\u2550\u2550\u2550\u2550\u2550 *\/<!-- [et_pb_line_break_holder] -->   .sp-hero{position:relative;min-height:520px;display:flex;align-items:flex-end;overflow:hidden;background:var(--dark)}<!-- [et_pb_line_break_holder] -->   .sp-hero::before{content:'';position:absolute;inset:0;background:radial-gradient(ellipse 60% 80% at 85% 30%,rgba(176,141,87,.06),transparent),radial-gradient(ellipse 50% 60% at 10% 70%,rgba(42,80,96,.08),transparent);pointer-events:none}<!-- [et_pb_line_break_holder] -->   \/* Subtle decorative SVG pattern *\/<!-- [et_pb_line_break_holder] -->   .sp-hero-deco{position:absolute;right:-5%;top:10%;width:50%;height:80%;opacity:.04;pointer-events:none}<!-- [et_pb_line_break_holder] -->   .sp-hero-deco svg{width:100%;height:100%}<!-- [et_pb_line_break_holder] -->   .sp-hero-content{position:relative;z-index:2;max-width:var(--max-w);width:100%;margin:0 auto;}<!-- [et_pb_line_break_holder] -->   .sp-hero-breadcrumb{display:flex;align-items:center;gap:8px;font-size:13px;color:rgba(255,255,255,.35);margin-bottom:28px}<!-- [et_pb_line_break_holder] -->   .sp-hero-breadcrumb a{color:var(--gold-light);transition:opacity .3s}<!-- [et_pb_line_break_holder] -->   .sp-hero-breadcrumb a:hover{opacity:.7}<!-- [et_pb_line_break_holder] -->   .sp-hero-breadcrumb span{color:rgba(255,255,255,.5)}<!-- [et_pb_line_break_holder] -->   .sp-hero-content h1{color:var(--white);max-width:680px;margin-bottom:20px}<!-- [et_pb_line_break_holder] -->   .sp-hero-content h1 em{color:var(--gold-light)}<!-- [et_pb_line_break_holder] -->   .sp-hero-actions{display:flex;gap:16px;flex-wrap:wrap}<!-- [et_pb_line_break_holder] -->  @media(max-width:768px){<!-- [et_pb_line_break_holder] -->  .sp-hero-actions{flex-direction:column}}<!-- [et_pb_line_break_holder] -->    <\/style>\n<p>[\/et_pb_code][\/et_pb_column][\/et_pb_row][\/et_pb_section][et_pb_section fb_built=\u00a0\u00bb1&Prime; custom_padding_last_edited=\u00a0\u00bbon|phone\u00a0\u00bb admin_label=\u00a0\u00bbSection 1&Prime; _builder_version=\u00a0\u00bb4.27.6&Prime; _module_preset=\u00a0\u00bbdefault\u00a0\u00bb background_color=\u00a0\u00bb#F8F5EF\u00a0\u00bb custom_padding=\u00a0\u00bb||||false|false\u00a0\u00bb custom_padding_tablet=\u00a0\u00bb||30px||false|false\u00a0\u00bb custom_padding_phone=\u00a0\u00bb||20px||false|false\u00a0\u00bb custom_css_free_form=\u00a0\u00bb@media screen and (min-width:1025px){selector p{padding-bottom:30px!important;}||selector p:last-child {padding-bottom:0!important;}||}\u00a0\u00bb locked=\u00a0\u00bboff\u00a0\u00bb global_colors_info=\u00a0\u00bb{}\u00a0\u00bb][et_pb_row make_equal=\u00a0\u00bbon\u00a0\u00bb custom_padding_last_edited=\u00a0\u00bboff|phone\u00a0\u00bb admin_label=\u00a0\u00bbRow\u00a0\u00bb _builder_version=\u00a0\u00bb4.27.6&Prime; _module_preset=\u00a0\u00bbdefault\u00a0\u00bb width=\u00a0\u00bb90%\u00a0\u00bb custom_margin=\u00a0\u00bb||||false|false\u00a0\u00bb custom_padding=\u00a0\u00bb||0px||false|true\u00a0\u00bb custom_padding_tablet=\u00a0\u00bb||||false|true\u00a0\u00bb custom_padding_phone=\u00a0\u00bb0px||0px||false|true\u00a0\u00bb global_colors_info=\u00a0\u00bb{}\u00a0\u00bb][et_pb_column type=\u00a0\u00bb4_4&Prime; module_id=\u00a0\u00bbcall\u00a0\u00bb _builder_version=\u00a0\u00bb4.27.4&Prime; _module_preset=\u00a0\u00bbdefault\u00a0\u00bb custom_css_free_form=\u00a0\u00bb@media screen and (min-width:1025px){selector{margin-right:70px!important;}}\u00a0\u00bb global_colors_info=\u00a0\u00bb{}\u00a0\u00bb][et_pb_text _builder_version=\u00a0\u00bb4.27.6&Prime; _module_preset=\u00a0\u00bbdefault\u00a0\u00bb text_font=\u00a0\u00bbMukta||||||||\u00a0\u00bb text_text_color=\u00a0\u00bb#666666&Prime; text_font_size=\u00a0\u00bb16px\u00a0\u00bb text_line_height=\u00a0\u00bb27px\u00a0\u00bb background_layout=\u00a0\u00bbdark\u00a0\u00bb custom_padding=\u00a0\u00bb||||false|false\u00a0\u00bb custom_css_free_form=\u00a0\u00bb@media screen and (min-width:1025px){selector p{padding-bottom:30px!important;}||selector p:last-child {padding-bottom:0!important;}||}\u00a0\u00bb global_colors_info=\u00a0\u00bb{}\u00a0\u00bb]<span class=\"eyebrow is-light\">Contact<\/span><\/p>\n<h2 style=\"color:#000 !important\">Planifiez un premier <em>\u00e9change<\/em><\/h2>\n<p>Contactez-nous pour discuter de vos besoins en mati\u00e8re de repr\u00e9sentation en Suisse. Notre \u00e9quipe se fera un plaisir d\u2019analyser votre structure et d\u2019identifier les solutions adapt\u00e9es \u00e0 vos obligations locales.<\/p>\n<p>Remplissez le formulaire de contact ou appelez-nous au<\/p>\n<p>[\/et_pb_text][\/et_pb_column][\/et_pb_row][et_pb_row make_equal=\u00a0\u00bbon\u00a0\u00bb custom_padding_last_edited=\u00a0\u00bboff|phone\u00a0\u00bb admin_label=\u00a0\u00bbRow\u00a0\u00bb _builder_version=\u00a0\u00bb4.27.6&Prime; _module_preset=\u00a0\u00bbdefault\u00a0\u00bb width=\u00a0\u00bb90%\u00a0\u00bb custom_margin=\u00a0\u00bb||||false|false\u00a0\u00bb custom_padding=\u00a0\u00bb0px||||false|true\u00a0\u00bb custom_padding_tablet=\u00a0\u00bb||||false|true\u00a0\u00bb custom_padding_phone=\u00a0\u00bb0px||0px||false|true\u00a0\u00bb global_colors_info=\u00a0\u00bb{}\u00a0\u00bb][et_pb_column type=\u00a0\u00bb4_4&Prime; module_id=\u00a0\u00bbcall\u00a0\u00bb _builder_version=\u00a0\u00bb4.27.4&Prime; _module_preset=\u00a0\u00bbdefault\u00a0\u00bb custom_css_free_form=\u00a0\u00bb@media screen and (min-width:1025px){selector{margin-right:70px!important;}}\u00a0\u00bb global_colors_info=\u00a0\u00bb{}\u00a0\u00bb][et_pb_code _builder_version=\u00a0\u00bb4.27.6&Prime; _module_preset=\u00a0\u00bbdefault\u00a0\u00bb border_radii=\u00a0\u00bbon|4px|4px|4px|4px\u00a0\u00bb global_colors_info=\u00a0\u00bb{}\u00a0\u00bb]<\/p>\n<div class=\"contact-form-wrap\"><!-- [et_pb_line_break_holder] -->    <\/p>\n<div class=\"form-title\">Envoyez-nous votre demande<\/div>\n<p><!-- [et_pb_line_break_holder] --><pee class=\"form-sub\">Remplissez le formulaire ci-dessous et nous vous r\u00e9pondrons dans les plus brefs d\u00e9lais.<\/pee><!-- [et_pb_line_break_holder] -->\n<div class=\"wpcf7 no-js\" id=\"wpcf7-f1941-o1\" lang=\"fr-FR\" dir=\"ltr\" data-wpcf7-id=\"1941\">\n<div class=\"screen-reader-response\"><p role=\"status\" aria-live=\"polite\" aria-atomic=\"true\"><\/p> <ul><\/ul><\/div>\n<form action=\"\/fr\/wp-json\/wp\/v2\/pages\/614#wpcf7-f1941-o1\" method=\"post\" class=\"wpcf7-form init\" aria-label=\"Formulaire de contact\" novalidate=\"novalidate\" data-status=\"init\">\n<fieldset class=\"hidden-fields-container\"><input type=\"hidden\" name=\"_wpcf7\" value=\"1941\" \/><input type=\"hidden\" name=\"_wpcf7_version\" value=\"6.1.5\" \/><input type=\"hidden\" name=\"_wpcf7_locale\" value=\"fr_FR\" \/><input type=\"hidden\" name=\"_wpcf7_unit_tag\" value=\"wpcf7-f1941-o1\" \/><input type=\"hidden\" name=\"_wpcf7_container_post\" value=\"0\" \/><input type=\"hidden\" name=\"_wpcf7_posted_data_hash\" value=\"\" \/><input type=\"hidden\" name=\"_wpcf7_recaptcha_response\" value=\"\" \/>\n<\/fieldset>\n<p><label>Civilit\u00e9*<\/label><span class=\"wpcf7-form-control-wrap\" data-name=\"civilite\"><select class=\"wpcf7-form-control wpcf7-select wpcf7-validates-as-required\" aria-required=\"true\" aria-invalid=\"false\" name=\"civilite\"><option value=\"Monsieur\">Monsieur<\/option><option value=\"Madame\">Madame<\/option><\/select><\/span>\n<\/p>\n<p><label>Organisation \/ Groupe*<\/label><span class=\"wpcf7-form-control-wrap\" data-name=\"company\"><input size=\"40\" maxlength=\"400\" class=\"wpcf7-form-control wpcf7-text wpcf7-validates-as-required\" aria-required=\"true\" aria-invalid=\"false\" value=\"\" type=\"text\" name=\"company\" \/><\/span>\n<\/p>\n<p><label>Pr\u00e9nom* :<\/label><span class=\"wpcf7-form-control-wrap\" data-name=\"firstname\"><input size=\"40\" maxlength=\"400\" class=\"wpcf7-form-control wpcf7-text wpcf7-validates-as-required\" aria-required=\"true\" aria-invalid=\"false\" value=\"\" type=\"text\" name=\"firstname\" \/><\/span>\n<\/p>\n<p><label>Nom* :<\/label><span class=\"wpcf7-form-control-wrap\" data-name=\"lastname\"><input size=\"40\" maxlength=\"400\" class=\"wpcf7-form-control wpcf7-text wpcf7-validates-as-required\" aria-required=\"true\" aria-invalid=\"false\" value=\"\" type=\"text\" name=\"lastname\" \/><\/span>\n<\/p>\n<p><label>Email Professionnel* :<\/label><span class=\"wpcf7-form-control-wrap\" data-name=\"email\"><input size=\"40\" maxlength=\"400\" class=\"wpcf7-form-control wpcf7-email wpcf7-validates-as-required wpcf7-text wpcf7-validates-as-email\" autocomplete=\"email\" aria-required=\"true\" aria-invalid=\"false\" value=\"\" type=\"email\" name=\"email\" \/><\/span>\n<\/p>\n<p><label>T\u00e9l\u00e9phone* :<\/label><span class=\"wpcf7-form-control-wrap\" data-name=\"phone\"><input size=\"40\" class=\"wpcf7-form-control wpcf7-phonetext wpcf7-validates-as-required wpcf7-text wpcf7-validates-as-phonetext\" autocomplete=\"tel\" data-numberonly=\"true\" aria-required=\"true\" aria-invalid=\"false\" value=\"\" type=\"text\" name=\"phone\" \/><input type=\"hidden\" name=\"phone-country-code\" class=\"wpcf7-phonetext-country-code\" \/><\/span>\n<\/p>\n<p><span class=\"wpcf7-form-control-wrap\" data-name=\"service\"><select class=\"wpcf7-form-control wpcf7-select wpcf7-validates-as-required\" aria-required=\"true\" aria-invalid=\"false\" name=\"service\"><option value=\"\">Choisir un service<\/option><option value=\"Services d\u2019administrateur, g\u00e9rant et de directeur\">Services d\u2019administrateur, g\u00e9rant et de directeur<\/option><option value=\"Services de membre du conseil pour les fondations et associations\">Services de membre du conseil pour les fondations et associations<\/option><option value=\"Services de liquidateur pour soci\u00e9t\u00e9s\">Services de liquidateur pour soci\u00e9t\u00e9s<\/option><option value=\"Autre\">Autre<\/option><\/select><\/span>\n<\/p>\n<p><span class=\"wpcf7-form-control-wrap\" data-name=\"message\"><textarea cols=\"40\" rows=\"10\" maxlength=\"2000\" class=\"wpcf7-form-control wpcf7-textarea wpcf7-validates-as-required\" aria-required=\"true\" aria-invalid=\"false\" placeholder=\"D\u00e9crivez votre soci\u00e9t\u00e9 et votre besoin : directeur r\u00e9sident, membre de conseil ou liquidateur (forme juridique, canton, activit\u00e9, \u00e9ch\u00e9ance).\" name=\"message\"><\/textarea><\/span>\n<\/p>\n<p><input class=\"wpcf7-form-control wpcf7-submit has-spinner\" type=\"submit\" value=\"Envoyer\" \/>\n<\/p><div class=\"wpcf7-response-output\" aria-hidden=\"true\"><\/div>\n<\/form>\n<\/div>\n<!-- [et_pb_line_break_holder] -->  <\/div>\n<p>[\/et_pb_code][et_pb_code _builder_version=\u00a0\u00bb4.27.6&Prime; _module_preset=\u00a0\u00bbdefault\u00a0\u00bb border_radii=\u00a0\u00bbon|4px|4px|4px|4px\u00a0\u00bb locked=\u00a0\u00bboff\u00a0\u00bb global_colors_info=\u00a0\u00bb{}\u00a0\u00bb]<iframe src=\"https:\/\/www.google.com\/maps\/embed?pb=!1m18!1m12!1m3!1d2761.563517636576!2d6.153577275499677!3d46.199243884097406!2m3!1f0!2f0!3f0!3m2!1i1024!2i768!4f13.1!3m3!1m2!1s0x478c653379bc2987%3A0xcfd1655b1bed87c6!2sRue%20Adrien-Lachenal%2026%2C%201207%20Gen%C3%A8ve%2C%20Suisse!5e0!3m2!1sfr!2smg!4v1743783795421!5m2!1sfr!2smg\" width=\"100%\" height=\"281\" style=\"border:0;\" allowfullscreen=\"\" loading=\"lazy\" referrerpolicy=\"no-referrer-when-downgrade\"><\/iframe>[\/et_pb_code][\/et_pb_column][\/et_pb_row][\/et_pb_section]<\/p>\n","protected":false},"excerpt":{"rendered":"<p>Accueil\/Contact Discutons de vos Besoins en Gouvernance en Suisse Si\u00e8ge Social Rue Adrien-Lachenal 26, 1207 Gen\u00e8ve Telephone +41 22 737 27 10 Contact Planifiez un premier \u00e9change Contactez-nous pour discuter de vos besoins en mati\u00e8re de repr\u00e9sentation en Suisse. Notre \u00e9quipe se fera un plaisir d\u2019analyser votre structure et d\u2019identifier les solutions adapt\u00e9es \u00e0 vos [&hellip;]<\/p>\n","protected":false},"author":5,"featured_media":0,"parent":0,"menu_order":0,"comment_status":"closed","ping_status":"closed","template":"","meta":{"_et_pb_use_builder":"on","_et_pb_old_content":"","_et_gb_content_width":"","footnotes":""},"class_list":["post-614","page","type-page","status-publish","hentry"],"_links":{"self":[{"href":"https:\/\/swissdirectorservices.com\/fr\/wp-json\/wp\/v2\/pages\/614","targetHints":{"allow":["GET"]}}],"collection":[{"href":"https:\/\/swissdirectorservices.com\/fr\/wp-json\/wp\/v2\/pages"}],"about":[{"href":"https:\/\/swissdirectorservices.com\/fr\/wp-json\/wp\/v2\/types\/page"}],"author":[{"embeddable":true,"href":"https:\/\/swissdirectorservices.com\/fr\/wp-json\/wp\/v2\/users\/5"}],"replies":[{"embeddable":true,"href":"https:\/\/swissdirectorservices.com\/fr\/wp-json\/wp\/v2\/comments?post=614"}],"version-history":[{"count":0,"href":"https:\/\/swissdirectorservices.com\/fr\/wp-json\/wp\/v2\/pages\/614\/revisions"}],"wp:attachment":[{"href":"https:\/\/swissdirectorservices.com\/fr\/wp-json\/wp\/v2\/media?parent=614"}],"curies":[{"name":"wp","href":"https:\/\/api.w.org\/{rel}","templated":true}]}}