{"id":2998,"date":"2025-04-05T05:50:23","date_gmt":"2025-04-05T05:50:23","guid":{"rendered":"https:\/\/swissdirectorservices.com\/le-nostre-novita\/"},"modified":"2026-03-19T16:39:14","modified_gmt":"2026-03-19T16:39:14","slug":"le-nostre-novita","status":"publish","type":"page","link":"https:\/\/swissdirectorservices.com\/it\/le-nostre-novita\/","title":{"rendered":"Le nostre novit\u00e0"},"content":{"rendered":"<p>[et_pb_section fb_built=&#8221;1&#8243; admin_label=&#8221;Banner&#8221; _builder_version=&#8221;4.27.6&#8243; _module_preset=&#8221;default&#8221; background_color=&#8221;#0F2027&#8243; background_enable_image=&#8221;off&#8221; background_enable_mask_style=&#8221;on&#8221; background_mask_color=&#8221;rgba(201,169,110,0.09)&#8221; background_mask_transform=&#8221;invert&#8221; background_mask_aspect_ratio=&#8221;square&#8221; background_mask_size=&#8221;cover&#8221; background_mask_position=&#8221;bottom_left&#8221; width=&#8221;100%&#8221; max_width=&#8221;100%&#8221; height_tablet=&#8221;&#8221; height_phone=&#8221;&#8221; height_last_edited=&#8221;on|phone&#8221; overflow-x=&#8221;hidden&#8221; overflow-y=&#8221;hidden&#8221; custom_margin=&#8221;-78px||||false|false&#8221; custom_margin_tablet=&#8221;-78px||||false|false&#8221; custom_margin_phone=&#8221;||||false|false&#8221; custom_margin_last_edited=&#8221;on|phone&#8221; locked=&#8221;off&#8221; global_colors_info=&#8221;{}&#8221;][et_pb_row custom_padding_last_edited=&#8221;on|desktop&#8221; _builder_version=&#8221;4.27.6&#8243; _module_preset=&#8221;default&#8221; width=&#8221;90%&#8221; custom_margin=&#8221;||||false|false&#8221; custom_margin_tablet=&#8221;277px||||false|false&#8221; custom_margin_phone=&#8221;20%||||false|false&#8221; custom_margin_last_edited=&#8221;off|desktop&#8221; custom_padding=&#8221;80px||0px||false|false&#8221; custom_padding_tablet=&#8221;||||false|true&#8221; custom_padding_phone=&#8221;||||false|true&#8221; global_colors_info=&#8221;{}&#8221;][et_pb_column type=&#8221;4_4&#8243; _builder_version=&#8221;4.27.4&#8243; _module_preset=&#8221;default&#8221; global_colors_info=&#8221;{}&#8221;][et_pb_text _builder_version=&#8221;4.27.6&#8243; _module_preset=&#8221;default&#8221; hover_enabled=&#8221;0&#8243; global_colors_info=&#8221;{}&#8221; sticky_enabled=&#8221;0&#8243;]<\/p>\n<div class=\"sp-hero-content\">\n<div class=\"sp-hero-breadcrumb\"><a href=\"#\">Home<\/a><br \/><span>\/<\/span><br \/><span>Le nostre novit\u00e0<\/span><\/div>\n<h1>Le nostre novit\u00e0<\/h1>\n<div class=\"sp-hero-actions\"><a href=\"#contact\" class=\"btn is-gold\">Contatta l&#8217;esperto \u2192<\/a><br \/><a href=\"tel:+41227372710\" class=\"btn is-outline-light\">+41 22 737 27 10<\/a><\/div>\n<\/div>\n<p>[\/et_pb_text][et_pb_code disabled_on=&#8221;off|off|off&#8221; _builder_version=&#8221;4.27.6&#8243; _module_preset=&#8221;default&#8221; locked=&#8221;off&#8221; global_colors_info=&#8221;{}&#8221;]<!-- [et_pb_line_break_holder] --><\/p>\n<style><!-- [et_pb_line_break_holder] -->\/* \u2550\u2550\u2550\u2550\u2550\u2550\u2550\u2550\u2550\u2550\u2550\u2550\u2550\u2550\u2550\u2550\u2550\u2550\u2550\u2550\u2550\u2550\u2550\u2550\u2550\u2550\u2550\u2550\u2550\u2550\u2550\u2550\u2550\u2550\u2550\u2550\u2550\u2550\u2550<!-- [et_pb_line_break_holder] -->   1. HERO \u2014 Kendris style, no image<!-- [et_pb_line_break_holder] -->   \u2550\u2550\u2550\u2550\u2550\u2550\u2550\u2550\u2550\u2550\u2550\u2550\u2550\u2550\u2550\u2550\u2550\u2550\u2550\u2550\u2550\u2550\u2550\u2550\u2550\u2550\u2550\u2550\u2550\u2550\u2550\u2550\u2550\u2550\u2550\u2550\u2550\u2550\u2550 *\/<!-- [et_pb_line_break_holder] -->   .sp-hero{position:relative;min-height:520px;display:flex;align-items:flex-end;overflow:hidden;background:var(--dark)}<!-- [et_pb_line_break_holder] -->   .sp-hero::before{content:'';position:absolute;inset:0;background:radial-gradient(ellipse 60% 80% at 85% 30%,rgba(176,141,87,.06),transparent),radial-gradient(ellipse 50% 60% at 10% 70%,rgba(42,80,96,.08),transparent);pointer-events:none}<!-- [et_pb_line_break_holder] -->   \/* Subtle decorative SVG pattern *\/<!-- [et_pb_line_break_holder] -->   .sp-hero-deco{position:absolute;right:-5%;top:10%;width:50%;height:80%;opacity:.04;pointer-events:none}<!-- [et_pb_line_break_holder] -->   .sp-hero-deco svg{width:100%;height:100%}<!-- [et_pb_line_break_holder] -->   .sp-hero-content{position:relative;z-index:2;max-width:var(--max-w);width:100%;margin:0 auto;}<!-- [et_pb_line_break_holder] -->   .sp-hero-breadcrumb{display:flex;align-items:center;gap:8px;font-size:13px;color:rgba(255,255,255,.35);margin-bottom:28px}<!-- [et_pb_line_break_holder] -->   .sp-hero-breadcrumb a{color:var(--gold-light);transition:opacity .3s}<!-- [et_pb_line_break_holder] -->   .sp-hero-breadcrumb a:hover{opacity:.7}<!-- [et_pb_line_break_holder] -->   .sp-hero-breadcrumb span{color:rgba(255,255,255,.5)}<!-- [et_pb_line_break_holder] -->   .sp-hero-content h1{color:var(--white);max-width:680px;margin-bottom:20px}<!-- [et_pb_line_break_holder] -->   .sp-hero-content h1 em{color:var(--gold-light)}<!-- [et_pb_line_break_holder] -->   .sp-hero-actions{display:flex;gap:16px;flex-wrap:wrap}<!-- [et_pb_line_break_holder] -->  @media(max-width:768px){<!-- [et_pb_line_break_holder] -->  .sp-hero-actions{flex-direction:column}}<!-- [et_pb_line_break_holder] -->    <\/style>\n<p>[\/et_pb_code][\/et_pb_column][\/et_pb_row][\/et_pb_section][et_pb_section fb_built=&#8221;1&#8243; admin_label=&#8221;Section 4&#8243; _builder_version=&#8221;4.27.6&#8243; _module_preset=&#8221;default&#8221; background_color=&#8221;#f2f2f2&#8243; overflow-x=&#8221;hidden&#8221; custom_padding=&#8221;||70px||false|false&#8221; locked=&#8221;off&#8221; global_colors_info=&#8221;{}&#8221;][et_pb_row make_equal=&#8221;on&#8221; custom_padding_last_edited=&#8221;on|tablet&#8221; admin_label=&#8221;Title blog&#8221; _builder_version=&#8221;4.27.6&#8243; _module_preset=&#8221;default&#8221; width=&#8221;90%&#8221; custom_margin=&#8221;||||false|false&#8221; custom_padding=&#8221;0px||0px||false|true&#8221; custom_padding_tablet=&#8221;0px||||false|false&#8221; custom_padding_phone=&#8221;0px||20px||false|true&#8221; global_colors_info=&#8221;{}&#8221;][et_pb_column type=&#8221;4_4&#8243; _builder_version=&#8221;4.27.6&#8243; _module_preset=&#8221;default&#8221; global_colors_info=&#8221;{}&#8221;][et_pb_text _builder_version=&#8221;4.27.6&#8243; _module_preset=&#8221;default&#8221; text_font=&#8221;Mukta||||||||&#8221; text_text_color=&#8221;#666666&#8243; text_font_size=&#8221;16px&#8221; text_line_height=&#8221;27px&#8221; header_2_font=&#8221;Mukta||||||||&#8221; header_2_text_color=&#8221;#333333&#8243; background_layout=&#8221;dark&#8221; custom_padding=&#8221;15px||0px||false|false&#8221; custom_css_free_form=&#8221;@media screen and (min-width:1025px){selector p{padding-bottom:30px!important;}}&#8221; global_colors_info=&#8221;{}&#8221;]<\/p>\n<div class=\"news-top reveal is-visible\">\n<div>\n<p><span class=\"eyebrow\">Ultime notizie<\/span><\/p>\n<h2>I nostri articoli<\/h2>\n<\/div>\n<\/div>\n<p>[\/et_pb_text][\/et_pb_column][\/et_pb_row][et_pb_row _builder_version=&#8221;4.27.6&#8243; _module_preset=&#8221;default&#8221; global_colors_info=&#8221;{}&#8221;][et_pb_column type=&#8221;4_4&#8243; _builder_version=&#8221;4.27.6&#8243; _module_preset=&#8221;default&#8221; global_colors_info=&#8221;{}&#8221;][et_pb_blog fullwidth=&#8221;off&#8221; posts_number=&#8221;12&#8243; use_manual_excerpt=&#8221;off&#8221; show_more=&#8221;on&#8221; show_author=&#8221;off&#8221; show_categories=&#8221;off&#8221; show_excerpt=&#8221;off&#8221; _builder_version=&#8221;4.27.6&#8243; _module_preset=&#8221;default&#8221; header_level=&#8221;h3&#8243; header_font_size=&#8221;19px&#8221; pagination_font=&#8221;|600|||||||&#8221; custom_css_title=&#8221;height: 80px&#8221; border_radii=&#8221;on|4px|4px|4px|4px&#8221; border_width_all=&#8221;0px&#8221; border_radii_image=&#8221;on|4px|4px|4px|4px&#8221; locked=&#8221;off&#8221; global_colors_info=&#8221;{}&#8221;][\/et_pb_blog][\/et_pb_column][\/et_pb_row][\/et_pb_section][et_pb_section fb_built=&#8221;1&#8243; custom_padding_last_edited=&#8221;on|phone&#8221; admin_label=&#8221;Section 5&#8243; module_id=&#8221;contatto&#8221; _builder_version=&#8221;4.27.6&#8243; _module_preset=&#8221;default&#8221; custom_margin=&#8221;||||false|false&#8221; custom_padding=&#8221;0px||0px||false|false&#8221; custom_padding_tablet=&#8221;37px||37px||false|false&#8221; custom_padding_phone=&#8221;20px||20px||false|false&#8221; locked=&#8221;off&#8221; global_colors_info=&#8221;{}&#8221;][et_pb_row _builder_version=&#8221;4.27.6&#8243; _module_preset=&#8221;default&#8221; width=&#8221;100%&#8221; max_width=&#8221;100%&#8221; custom_padding=&#8221;0px||0px||false|false&#8221; global_colors_info=&#8221;{}&#8221;][et_pb_column type=&#8221;4_4&#8243; _builder_version=&#8221;4.27.6&#8243; _module_preset=&#8221;default&#8221; global_colors_info=&#8221;{}&#8221;][et_pb_code _builder_version=&#8221;4.27.6&#8243; _module_preset=&#8221;default&#8221; global_colors_info=&#8221;{}&#8221;]<\/p>\n<div id=\"contact\" class=\"contact-split\"><!-- [et_pb_line_break_holder] -->  <\/p>\n<div class=\"contact-visual\"><!-- [et_pb_line_break_holder] -->    <img decoding=\"async\" src=\"\/wp-content\/uploads\/2025\/04\/banner-service-administrateur.webp\" alt=\"Esperto amministratore gerente svizzero\"><!-- [et_pb_line_break_holder] -->    <\/p>\n<div class=\"contact-visual-overlay\"><!-- [et_pb_line_break_holder] -->      <span class=\"eyebrow is-light\">Contatto<\/span><!-- [et_pb_line_break_holder] -->      <\/p>\n<h2>Pianifica una <em>consulenza iniziale<\/em><\/h2>\n<p><!-- [et_pb_line_break_holder] -->      <pee class=\"contact-visual-text\">Contattaci per discutere delle tue esigenze di amministratore residente svizzero. Il nostro team sar\u00e0 lieto di analizzare la tua struttura ed esplorare come possiamo supportarti nelle tue esigenze di rappresentanza in Svizzera. <\/pee><!-- [et_pb_line_break_holder] -->      <pee class=\"contact-visual-text\">Compila il modulo di contatto o chiamaci al<\/pee><!-- [et_pb_line_break_holder] -->      <\/p>\n<div class=\"contact-info\"><!-- [et_pb_line_break_holder] -->        <\/p>\n<div class=\"contact-row\"><!-- [et_pb_line_break_holder] -->          <\/p>\n<div class=\"contact-icon\"><svg viewbox=\"0 0 24 24\" fill=\"none\" stroke=\"currentColor\" stroke-width=\"1.5\"><path d=\"M21 10c0 7-9 13-9 13s-9-6-9-13a9 9 0 0 1 18 0z\"><\/path><circle cx=\"12\" cy=\"10\" r=\"3\"\/><\/svg><\/div>\n<p><!-- [et_pb_line_break_holder] -->          <\/p>\n<div>\n<div class=\"contact-label\">Ufficio<\/div>\n<div class=\"contact-val\">Rue Adrien-Lachenal 26, 1207 Ginevra<\/div>\n<\/div>\n<p><!-- [et_pb_line_break_holder] -->        <\/div>\n<p><!-- [et_pb_line_break_holder] -->        <\/p>\n<div class=\"contact-row\"><!-- [et_pb_line_break_holder] -->          <\/p>\n<div class=\"contact-icon\"><svg viewbox=\"0 0 24 24\" fill=\"none\" stroke=\"currentColor\" stroke-width=\"1.5\"><path d=\"M22 16.92v3a2 2 0 0 1-2.18 2 19.79 19.79 0 0 1-8.63-3.07 19.5 19.5 0 0 1-6-6 19.79 19.79 0 0 1-3.07-8.67A2 2 0 0 1 4.11 2h3a2 2 0 0 1 2 1.72c.127.96.361 1.903.7 2.81a2 2 0 0 1-.45 2.11L8.09 9.91a16 16 0 0 0 6 6l1.27-1.27a2 2 0 0 1 2.11-.45c.907.339 1.85.573 2.81.7A2 2 0 0 1 22 16.92z\"><\/path><\/svg><\/div>\n<p><!-- [et_pb_line_break_holder] -->          <\/p>\n<div>\n<div class=\"contact-label\">Telefono<\/div>\n<div class=\"contact-val\">+41 22 737 27 10<\/div>\n<\/div>\n<p><!-- [et_pb_line_break_holder] -->        <\/div>\n<p><!-- [et_pb_line_break_holder] -->      <\/div>\n<p><!-- [et_pb_line_break_holder] -->    <\/div>\n<p><!-- [et_pb_line_break_holder] -->  <\/div>\n<p><!-- [et_pb_line_break_holder] -->  <\/p>\n<div class=\"contact-form-wrap\"><!-- [et_pb_line_break_holder] -->    <\/p>\n<div class=\"form-title\">Inviaci la tua richiesta<\/div>\n<p><!-- [et_pb_line_break_holder] -->    <pee class=\"form-sub\">Compila il modulo qui sotto e ti risponderemo il prima possibile.<\/pee><!-- [et_pb_line_break_holder] -->    \n<div class=\"wpcf7 no-js\" id=\"wpcf7-f2798-o1\" lang=\"it-IT\" dir=\"ltr\" data-wpcf7-id=\"2798\">\n<div class=\"screen-reader-response\"><p role=\"status\" aria-live=\"polite\" aria-atomic=\"true\"><\/p> <ul><\/ul><\/div>\n<form action=\"\/it\/wp-json\/wp\/v2\/pages\/2998#wpcf7-f2798-o1\" method=\"post\" class=\"wpcf7-form init\" aria-label=\"Modulo di contatto\" novalidate=\"novalidate\" data-status=\"init\">\n<fieldset class=\"hidden-fields-container\"><input type=\"hidden\" name=\"_wpcf7\" value=\"2798\" \/><input type=\"hidden\" name=\"_wpcf7_version\" value=\"6.1.6\" \/><input type=\"hidden\" name=\"_wpcf7_locale\" value=\"it_IT\" \/><input type=\"hidden\" name=\"_wpcf7_unit_tag\" value=\"wpcf7-f2798-o1\" \/><input type=\"hidden\" name=\"_wpcf7_container_post\" value=\"0\" \/><input type=\"hidden\" name=\"_wpcf7_posted_data_hash\" value=\"\" \/><input type=\"hidden\" name=\"_wpcf7_recaptcha_response\" value=\"\" \/>\n<\/fieldset>\n<div style=\"display:none; max-height:0; overflow:hidden; mso-hide:all;\">\n\t<p>Abbiamo ricevuto la sua richiesta \u2014 un consulente Swiss Director Services la contatter\u00e0 a breve.\n\t<\/p>\n<\/div>\n<table width=\"100%\" cellpadding=\"0\" cellspacing=\"0\" border=\"0\" role=\"presentation\" style=\"background-color:#F8F5EF; padding:32px 0; font-family:'DM Sans','Helvetica Neue',Arial,sans-serif;\">\n\t<tr>\n\t\t<td align=\"center\">\n\t\t\t<table width=\"620\" cellpadding=\"0\" cellspacing=\"0\" border=\"0\" role=\"presentation\" style=\"width:620px; max-width:620px; background-color:#FFFFFF; border:1px solid #D9D0C1; border-radius:4px; overflow:hidden;\">\n\t\t\t\t<tr>\n\t\t\t\t\t<td style=\"height:3px; background-color:#B08D57; line-height:3px; font-size:0;\">\n\t\t\t\t\t\t<p>&nbsp;\n\t\t\t\t\t\t<\/p>\n\t\t\t\t\t<\/td>\n\t\t\t\t<\/tr>\n\t\t\t\t<tr>\n\t\t\t\t\t<td align=\"center\" style=\"padding:48px 32px 40px 32px; background-color:#FFFFFF; border-bottom:1px solid #EDE8DE;\">\n\t\t\t\t\t\t<p><img decoding=\"async\" src=\"https:\/\/swissdirectorservices.com\/wp-content\/uploads\/2026\/04\/Logo-Swiss-Director-Services-full-black.webp\" alt=\"Swiss Director Services\" width=\"220\" style=\"display:block; max-width:220px; height:auto; margin:0 auto 22px auto;\" \/>\n\t\t\t\t\t\t<\/p>\n\t\t\t\t\t\t<div style=\"font-family:Georgia,'Times New Roman',serif; font-size:11px; letter-spacing:4px; color:#B08D57; text-transform:uppercase;\">\n\t\t\t\t\t\t\t<p>Richiesta ricevuta &nbsp;\u00b7&nbsp; Ginevra\n\t\t\t\t\t\t\t<\/p>\n\t\t\t\t\t\t<\/div>\n\t\t\t\t\t<\/td>\n\t\t\t\t<\/tr>\n\t\t\t\t<tr>\n\t\t\t\t\t<td style=\"padding:40px 40px 0 40px;\">\n\t\t\t\t\t\t<div style=\"font-family:Georgia,'Times New Roman',serif; font-size:26px; line-height:1.25; color:#1A2A32; font-weight:400; letter-spacing:-0.3px;\">\n\t\t\t\t\t\t\t<p>Gentile [firstname] [lastname],\n\t\t\t\t\t\t\t<\/p>\n\t\t\t\t\t\t<\/div>\n\t\t\t\t\t\t<div style=\"margin-top:18px; width:36px; height:2px; background-color:#B08D57; line-height:2px; font-size:0;\">\n\t\t\t\t\t\t\t<p>&nbsp;\n\t\t\t\t\t\t\t<\/p>\n\t\t\t\t\t\t<\/div>\n\t\t\t\t\t<\/td>\n\t\t\t\t<\/tr>\n\t\t\t\t<tr>\n\t\t\t\t\t<td style=\"padding:24px 40px 0 40px; font-size:15px; line-height:1.75; color:#4A5D68;\">\n\t\t\t\t\t\t<p>La ringraziamo per il suo interesse. Confermiamo di aver ricevuto la sua richiesta relativa a<br \/>\n<span style=\"color:#1A2A32; font-weight:600;\">[service]<\/span>.\n\t\t\t\t\t\t<\/p>\n\t\t\t\t\t<\/td>\n\t\t\t\t<\/tr>\n\t\t\t\t<tr>\n\t\t\t\t\t<td style=\"padding:14px 40px 0 40px; font-size:15px; line-height:1.75; color:#4A5D68;\">\n\t\t\t\t\t\t<p>Un consulente senior esaminer\u00e0 personalmente le informazioni fornite e la contatter\u00e0 a breve per discutere la sua situazione e proporle soluzioni su misura per la sua attivit\u00e0 in Svizzera.\n\t\t\t\t\t\t<\/p>\n\t\t\t\t\t<\/td>\n\t\t\t\t<\/tr>\n\t\t\t\t<tr>\n\t\t\t\t\t<td style=\"padding:32px 40px 0 40px;\">\n\t\t\t\t\t\t<table width=\"100%\" cellpadding=\"0\" cellspacing=\"0\" border=\"0\" role=\"presentation\" style=\"background-color:#F8F5EF; border:1px solid #EDE8DE; border-left:3px solid #B08D57; border-radius:2px;\">\n\t\t\t\t\t\t\t<tr>\n\t\t\t\t\t\t\t\t<td style=\"padding:24px 28px 8px 28px;\">\n\t\t\t\t\t\t\t\t\t<div style=\"font-family:Georgia,'Times New Roman',serif; font-size:11px; letter-spacing:3px; text-transform:uppercase; color:#7A7265;\">\n\t\t\t\t\t\t\t\t\t\t<p>Riepilogo della sua richiesta\n\t\t\t\t\t\t\t\t\t\t<\/p>\n\t\t\t\t\t\t\t\t\t<\/div>\n\t\t\t\t\t\t\t\t<\/td>\n\t\t\t\t\t\t\t<\/tr>\n\t\t\t\t\t\t\t<tr>\n\t\t\t\t\t\t\t\t<td style=\"padding:6px 28px 0 28px;\">\n\t\t\t\t\t\t\t\t\t<div style=\"font-size:12px; letter-spacing:1px; text-transform:uppercase; color:#1A2A32; font-weight:600; padding-bottom:6px;\">\n\t\t\t\t\t\t\t\t\t\t<p>Dati di contatto\n\t\t\t\t\t\t\t\t\t\t<\/p>\n\t\t\t\t\t\t\t\t\t<\/div>\n\t\t\t\t\t\t\t\t\t<div style=\"font-size:14px; line-height:1.7; color:#4A5D68;\">\n\t\t\t\t\t\t\t\t\t\t<p><span style=\"color:#7A8E9A;\">Telefono<\/span> &nbsp;\u00b7&nbsp; [phone]\n\t\t\t\t\t\t\t\t\t\t<\/p>\n\t\t\t\t\t\t\t\t\t\t<p><span style=\"color:#7A8E9A;\">E-mail<\/span> &nbsp;\u00b7&nbsp; [email]\n\t\t\t\t\t\t\t\t\t\t<\/p>\n\t\t\t\t\t\t\t\t\t<\/div>\n\t\t\t\t\t\t\t\t<\/td>\n\t\t\t\t\t\t\t<\/tr>\n\t\t\t\t\t\t\t<tr>\n\t\t\t\t\t\t\t\t<td style=\"padding:18px 28px 0 28px;\">\n\t\t\t\t\t\t\t\t\t<div style=\"height:1px; background-color:#EDE8DE; line-height:1px; font-size:0;\">\n\t\t\t\t\t\t\t\t\t\t<p>&nbsp;\n\t\t\t\t\t\t\t\t\t\t<\/p>\n\t\t\t\t\t\t\t\t\t<\/div>\n\t\t\t\t\t\t\t\t<\/td>\n\t\t\t\t\t\t\t<\/tr>\n\t\t\t\t\t\t\t<tr>\n\t\t\t\t\t\t\t\t<td style=\"padding:18px 28px 26px 28px;\">\n\t\t\t\t\t\t\t\t\t<div style=\"font-size:12px; letter-spacing:1px; text-transform:uppercase; color:#1A2A32; font-weight:600; padding-bottom:6px;\">\n\t\t\t\t\t\t\t\t\t\t<p>Messaggio\n\t\t\t\t\t\t\t\t\t\t<\/p>\n\t\t\t\t\t\t\t\t\t<\/div>\n\t\t\t\t\t\t\t\t\t<div style=\"font-size:14px; line-height:1.7; color:#4A5D68; font-style:italic;\">\n\t\t\t\t\t\t\t\t\t\t<p>[message]\n\t\t\t\t\t\t\t\t\t\t<\/p>\n\t\t\t\t\t\t\t\t\t<\/div>\n\t\t\t\t\t\t\t\t<\/td>\n\t\t\t\t\t\t\t<\/tr>\n\t\t\t\t\t\t<\/table>\n\t\t\t\t\t<\/td>\n\t\t\t\t<\/tr>\n\t\t\t\t<tr>\n\t\t\t\t\t<td align=\"center\" style=\"padding:36px 40px 0 40px;\">\n\t\t\t\t\t\t<table cellpadding=\"0\" cellspacing=\"0\" border=\"0\" role=\"presentation\">\n\t\t\t\t\t\t\t<tr>\n\t\t\t\t\t\t\t\t<td align=\"center\" style=\"background-color:#0F2027; border-radius:2px;\">\n\t\t\t\t\t\t\t\t\t<p><a href=\"mailto:andres@swissdirectors.ch\" style=\"display:inline-block; padding:14px 32px; font-family:'DM Sans','Helvetica Neue',Arial,sans-serif; font-size:13px; letter-spacing:2px; text-transform:uppercase; color:#FFFFFF; text-decoration:none; font-weight:600;\"><br \/>\nRispondere al nostro team<br \/>\n<\/a>\n\t\t\t\t\t\t\t\t\t<\/p>\n\t\t\t\t\t\t\t\t<\/td>\n\t\t\t\t\t\t\t<\/tr>\n\t\t\t\t\t\t<\/table>\n\t\t\t\t\t\t<div style=\"padding-top:16px; font-size:13px; line-height:1.7; color:#7A8E9A;\">\n\t\t\t\t\t\t\t<p>oppure ci contatti direttamente al<br \/>\n<a href=\"tel:+41227372710\" style=\"color:#B08D57; text-decoration:none; font-weight:600;\">+41 22 737 27 10<\/a>\n\t\t\t\t\t\t\t<\/p>\n\t\t\t\t\t\t<\/div>\n\t\t\t\t\t<\/td>\n\t\t\t\t<\/tr>\n\t\t\t\t<tr>\n\t\t\t\t\t<td style=\"padding:40px 40px 0 40px;\">\n\t\t\t\t\t\t<div style=\"height:1px; background-color:#EDE8DE; line-height:1px; font-size:0;\">\n\t\t\t\t\t\t\t<p>&nbsp;\n\t\t\t\t\t\t\t<\/p>\n\t\t\t\t\t\t<\/div>\n\t\t\t\t\t<\/td>\n\t\t\t\t<\/tr>\n\t\t\t\t<tr>\n\t\t\t\t\t<td style=\"padding:28px 40px 8px 40px; font-size:14px; line-height:1.75; color:#4A5D68;\">\n\t\t\t\t\t\t<p>Cordiali saluti,\n\t\t\t\t\t\t<\/p>\n\t\t\t\t\t<\/td>\n\t\t\t\t<\/tr>\n\t\t\t\t<tr>\n\t\t\t\t\t<td style=\"padding:0 40px 36px 40px;\">\n\t\t\t\t\t\t<div style=\"font-family:Georgia,'Times New Roman',serif; font-size:16px; color:#1A2A32; font-weight:600; letter-spacing:1px; text-transform:uppercase;\">\n\t\t\t\t\t\t\t<p>Swiss Director Services S\u00e0rl\n\t\t\t\t\t\t\t<\/p>\n\t\t\t\t\t\t<\/div>\n\t\t\t\t\t\t<div style=\"margin-top:4px; width:24px; height:1px; background-color:#B08D57; line-height:1px; font-size:0;\">\n\t\t\t\t\t\t\t<p>&nbsp;\n\t\t\t\t\t\t\t<\/p>\n\t\t\t\t\t\t<\/div>\n\t\t\t\t\t\t<div style=\"padding-top:14px; font-size:13px; line-height:1.7; color:#7A8E9A;\">\n\t\t\t\t\t\t\t<p>Rue Adrien-Lachenal 26\n\t\t\t\t\t\t\t<\/p>\n\t\t\t\t\t\t\t<p>1207 Ginevra &nbsp;\u00b7&nbsp; Svizzera\n\t\t\t\t\t\t\t<\/p>\n\t\t\t\t\t\t\t<p>T &nbsp;\u00b7&nbsp; +41 22 737 27 10\n\t\t\t\t\t\t\t<\/p>\n\t\t\t\t\t\t\t<p><a href=\"https:\/\/swissdirectorservices.com\" style=\"color:#B08D57; text-decoration:none; letter-spacing:1px;\">swissdirectorservices.com<\/a>\n\t\t\t\t\t\t\t<\/p>\n\t\t\t\t\t\t<\/div>\n\t\t\t\t\t<\/td>\n\t\t\t\t<\/tr>\n\t\t\t\t<tr>\n\t\t\t\t\t<td style=\"background-color:#F8F5EF; padding:20px 40px; border-top:1px solid #EDE8DE;\">\n\t\t\t\t\t\t<div style=\"font-size:11px; line-height:1.6; color:#A89F91; text-align:center;\">\n\t\t\t\t\t\t\t<p>Riceve questa e-mail a seguito di una richiesta inviata su<br \/>\n<span style=\"color:#7A7265;\">[_site_title]<\/span> \u2014 dalla pagina<br \/>\n<a href=\"[_url]\" style=\"color:#7A7265; text-decoration:underline;\">[_url]<\/a>.\n\t\t\t\t\t\t\t<\/p>\n\t\t\t\t\t\t<\/div>\n\t\t\t\t\t<\/td>\n\t\t\t\t<\/tr>\n\t\t\t<\/table>\n\t\t\t<table width=\"620\" cellpadding=\"0\" cellspacing=\"0\" border=\"0\" role=\"presentation\" style=\"width:620px; max-width:620px;\">\n\t\t\t\t<tr>\n\t\t\t\t\t<td align=\"center\" style=\"padding:18px 24px 0 24px; font-family:Georgia,'Times New Roman',serif; font-size:10px; letter-spacing:3px; text-transform:uppercase; color:#A89F91;\">\n\t\t\t\t\t\t<p>Discrezione &nbsp;\u00b7&nbsp; Conformit\u00e0 &nbsp;\u00b7&nbsp; Eccellenza Svizzera\n\t\t\t\t\t\t<\/p>\n\t\t\t\t\t<\/td>\n\t\t\t\t<\/tr>\n\t\t\t<\/table>\n\t\t<\/td>\n\t<\/tr>\n<\/table><div class=\"wpcf7-response-output\" aria-hidden=\"true\"><\/div>\n<\/form>\n<\/div>\n<!-- [et_pb_line_break_holder] -->  <\/div>\n<p><!-- [et_pb_line_break_holder] --><\/div>\n<p>[\/et_pb_code][\/et_pb_column][\/et_pb_row][\/et_pb_section]<\/p>\n","protected":false},"excerpt":{"rendered":"<p>Home\/Le nostre novit\u00e0 Le nostre novit\u00e0 Contatta l&#8217;esperto \u2192+41 22 737 27 10 Ultime notizie I nostri articoli Contatto Pianifica una consulenza iniziale Contattaci per discutere delle tue esigenze di amministratore residente svizzero. Il nostro team sar\u00e0 lieto di analizzare la tua struttura ed esplorare come possiamo supportarti nelle tue esigenze di rappresentanza in Svizzera. [&hellip;]<\/p>\n","protected":false},"author":5,"featured_media":0,"parent":0,"menu_order":0,"comment_status":"closed","ping_status":"closed","template":"","meta":{"_et_pb_use_builder":"on","_et_pb_old_content":"","_et_gb_content_width":"","footnotes":""},"class_list":["post-2998","page","type-page","status-publish","hentry"],"_links":{"self":[{"href":"https:\/\/swissdirectorservices.com\/it\/wp-json\/wp\/v2\/pages\/2998","targetHints":{"allow":["GET"]}}],"collection":[{"href":"https:\/\/swissdirectorservices.com\/it\/wp-json\/wp\/v2\/pages"}],"about":[{"href":"https:\/\/swissdirectorservices.com\/it\/wp-json\/wp\/v2\/types\/page"}],"author":[{"embeddable":true,"href":"https:\/\/swissdirectorservices.com\/it\/wp-json\/wp\/v2\/users\/5"}],"replies":[{"embeddable":true,"href":"https:\/\/swissdirectorservices.com\/it\/wp-json\/wp\/v2\/comments?post=2998"}],"version-history":[{"count":8,"href":"https:\/\/swissdirectorservices.com\/it\/wp-json\/wp\/v2\/pages\/2998\/revisions"}],"predecessor-version":[{"id":3015,"href":"https:\/\/swissdirectorservices.com\/it\/wp-json\/wp\/v2\/pages\/2998\/revisions\/3015"}],"wp:attachment":[{"href":"https:\/\/swissdirectorservices.com\/it\/wp-json\/wp\/v2\/media?parent=2998"}],"curies":[{"name":"wp","href":"https:\/\/api.w.org\/{rel}","templated":true}]}}